{"id":1381,"date":"2021-09-24T17:06:18","date_gmt":"2021-09-24T21:06:18","guid":{"rendered":"https:\/\/investorleadershipnetwork.org\/initiatives\/"},"modified":"2021-09-24T17:07:35","modified_gmt":"2021-09-24T21:07:35","slug":"initiatives","status":"publish","type":"page","link":"https:\/\/investorleadershipnetwork.org\/fr\/initiatives\/","title":{"rendered":"Initiatives"},"content":{"rendered":"<p>[et_pb_section fb_built=\u00a0\u00bb1&Prime; admin_label=\u00a0\u00bbsection\u00a0\u00bb _builder_version=\u00a0\u00bb3.22&Prime; global_colors_info=\u00a0\u00bb{}\u00a0\u00bb][et_pb_row admin_label=\u00a0\u00bbrow\u00a0\u00bb _builder_version=\u00a0\u00bb3.25&Prime; background_size=\u00a0\u00bbinitial\u00a0\u00bb background_position=\u00a0\u00bbtop_left\u00a0\u00bb background_repeat=\u00a0\u00bbrepeat\u00a0\u00bb custom_padding=\u00a0\u00bb||0px|||\u00a0\u00bb global_colors_info=\u00a0\u00bb{}\u00a0\u00bb][et_pb_column type=\u00a0\u00bb4_4&Prime; _builder_version=\u00a0\u00bb3.25&Prime; custom_padding=\u00a0\u00bb|||\u00a0\u00bb global_colors_info=\u00a0\u00bb{}\u00a0\u00bb custom_padding__hover=\u00a0\u00bb|||\u00a0\u00bb][et_pb_text _builder_version=\u00a0\u00bb4.9.7&Prime; _module_preset=\u00a0\u00bbdefault\u00a0\u00bb header_2_font=\u00a0\u00bb|||on|||||\u00a0\u00bb text_orientation=\u00a0\u00bbcenter\u00a0\u00bb custom_margin=\u00a0\u00bb||1rem||false|false\u00a0\u00bb global_colors_info=\u00a0\u00bb{}\u00a0\u00bb]<\/p>\n<h2>Nos Initatives<\/h2>\n<p>[\/et_pb_text][et_pb_divider _builder_version=\u00a0\u00bb4.9.9&Prime; _module_preset=\u00a0\u00bbdefault\u00a0\u00bb global_colors_info=\u00a0\u00bb{}\u00a0\u00bb][\/et_pb_divider][\/et_pb_column][\/et_pb_row][et_pb_row column_structure=\u00a0\u00bb1_3,1_3,1_3&Prime; _builder_version=\u00a0\u00bb4.9.7&Prime; _module_preset=\u00a0\u00bbdefault\u00a0\u00bb global_colors_info=\u00a0\u00bb{}\u00a0\u00bb][et_pb_column type=\u00a0\u00bb1_3&Prime; _builder_version=\u00a0\u00bb4.9.7&Prime; _module_preset=\u00a0\u00bbdefault\u00a0\u00bb global_colors_info=\u00a0\u00bb{}\u00a0\u00bb][et_pb_blurb image=\u00a0\u00bbhttps:\/\/investorleadershipnetwork.org\/wp-content\/uploads\/Infrastructure-Fellowship.png\u00a0\u00bb icon_placement=\u00a0\u00bbleft\u00a0\u00bb image_max_width=\u00a0\u00bb60px\u00a0\u00bb content_max_width=\u00a0\u00bb100%\u00a0\u00bb module_class=\u00a0\u00bbnotch-bg\u00a0\u00bb _builder_version=\u00a0\u00bb4.9.9&Prime; _dynamic_attributes=\u00a0\u00bblink_option_url\u00a0\u00bb _module_preset=\u00a0\u00bbc3a91a58-2ddb-4bbf-b7ef-d871ee9b565e\u00a0\u00bb header_level=\u00a0\u00bbh3&Prime; background_color=\u00a0\u00bb#FFFFFF\u00a0\u00bb background_color_gradient_direction=\u00a0\u00bb45deg\u00a0\u00bb background_image=\u00a0\u00bbhttps:\/\/investorleadershipnetwork.org\/wp-content\/uploads\/Infrastructure_Fellowship_BW.jpg\u00a0\u00bb custom_padding=\u00a0\u00bb3em|2em|3em|2em|true|true\u00a0\u00bb animation=\u00a0\u00bboff\u00a0\u00bb link_option_url=\u00a0\u00bb@ET-DC@eyJkeW5hbWljIjp0cnVlLCJjb250ZW50IjoicG9zdF9saW5rX3VybF9wYWdlIiwic2V0dGluZ3MiOnsicG9zdF9pZCI6IjE0MiJ9fQ==@\u00a0\u00bb box_shadow_style=\u00a0\u00bbpreset2&Prime; box_shadow_color=\u00a0\u00bbrgba(52,88,121,0.16)\u00a0\u00bb global_colors_info=\u00a0\u00bb{}\u00a0\u00bb custom_css_before_last_edited=\u00a0\u00bbon|tablet\u00a0\u00bb background__hover_enabled=\u00a0\u00bbon|desktop\u00a0\u00bb background_image__hover=\u00a0\u00bbhttps:\/\/investorleadershipnetwork.org\/wp-content\/uploads\/Infrastructure_Fellowship_Colour.jpg\u00a0\u00bb background_enable_image__hover=\u00a0\u00bbon\u00a0\u00bb background_layout__hover_enabled=\u00a0\u00bbon|desktop\u00a0\u00bb transform_styles__hover_enabled=\u00a0\u00bbon|hover\u00a0\u00bb transform_scale__hover_enabled=\u00a0\u00bbon|hover\u00a0\u00bb transform_translate__hover_enabled=\u00a0\u00bbon|desktop\u00a0\u00bb transform_rotate__hover_enabled=\u00a0\u00bbon|desktop\u00a0\u00bb transform_skew__hover_enabled=\u00a0\u00bbon|desktop\u00a0\u00bb transform_origin__hover_enabled=\u00a0\u00bbon|desktop\u00a0\u00bb transform_scale__hover=\u00a0\u00bb105%|105%\u00a0\u00bb]<\/p>\n<h3><strong>Infrastructure<\/strong><br \/>Le programme de bourses<\/h3>\n<p>Fournir une formation acad\u00e9mique et pratique pour hauts fonctionnaires du secteur public dans les gouvernements des march\u00e9s d\u00e9velopp\u00e9s et frontiers.<\/p>\n<p>[\/et_pb_blurb][\/et_pb_column][et_pb_column type=\u00a0\u00bb1_3&Prime; _builder_version=\u00a0\u00bb4.9.7&Prime; _module_preset=\u00a0\u00bbdefault\u00a0\u00bb global_colors_info=\u00a0\u00bb{}\u00a0\u00bb][et_pb_blurb image=\u00a0\u00bbhttps:\/\/investorleadershipnetwork.org\/wp-content\/uploads\/Diversity-in-Investment.png\u00a0\u00bb icon_placement=\u00a0\u00bbleft\u00a0\u00bb image_max_width=\u00a0\u00bb60px\u00a0\u00bb content_max_width=\u00a0\u00bb100%\u00a0\u00bb module_class=\u00a0\u00bbnotch-bg\u00a0\u00bb _builder_version=\u00a0\u00bb4.9.9&Prime; _dynamic_attributes=\u00a0\u00bblink_option_url\u00a0\u00bb _module_preset=\u00a0\u00bbc3a91a58-2ddb-4bbf-b7ef-d871ee9b565e\u00a0\u00bb header_level=\u00a0\u00bbh3&Prime; background_color=\u00a0\u00bb#FFFFFF\u00a0\u00bb background_color_gradient_direction=\u00a0\u00bb45deg\u00a0\u00bb background_image=\u00a0\u00bbhttps:\/\/investorleadershipnetwork.org\/wp-content\/uploads\/Diversity_in_Investment_BW.jpg\u00a0\u00bb custom_padding=\u00a0\u00bb3em|2em|3em|2em|true|true\u00a0\u00bb animation=\u00a0\u00bboff\u00a0\u00bb link_option_url=\u00a0\u00bb@ET-DC@eyJkeW5hbWljIjp0cnVlLCJjb250ZW50IjoicG9zdF9saW5rX3VybF9wYWdlIiwic2V0dGluZ3MiOnsicG9zdF9pZCI6IjE0MyJ9fQ==@\u00a0\u00bb box_shadow_style=\u00a0\u00bbpreset2&Prime; box_shadow_color=\u00a0\u00bbrgba(52,88,121,0.16)\u00a0\u00bb global_colors_info=\u00a0\u00bb{}\u00a0\u00bb custom_css_before_last_edited=\u00a0\u00bboff|desktop\u00a0\u00bb background__hover_enabled=\u00a0\u00bbon|desktop\u00a0\u00bb background_image__hover=\u00a0\u00bbhttps:\/\/investorleadershipnetwork.org\/wp-content\/uploads\/Diversity_in_Investment_Colour.jpg\u00a0\u00bb background_enable_image__hover=\u00a0\u00bbon\u00a0\u00bb background_layout__hover_enabled=\u00a0\u00bboff|desktop\u00a0\u00bb background_layout__hover=\u00a0\u00bbdark\u00a0\u00bb transform_styles__hover_enabled=\u00a0\u00bbon|hover\u00a0\u00bb transform_scale__hover_enabled=\u00a0\u00bbon|hover\u00a0\u00bb transform_translate__hover_enabled=\u00a0\u00bbon|desktop\u00a0\u00bb transform_rotate__hover_enabled=\u00a0\u00bbon|desktop\u00a0\u00bb transform_skew__hover_enabled=\u00a0\u00bbon|desktop\u00a0\u00bb transform_origin__hover_enabled=\u00a0\u00bbon|desktop\u00a0\u00bb transform_scale__hover=\u00a0\u00bb105%|105%\u00a0\u00bb]<\/p>\n<h3><strong>Diversit\u00e9 dans<\/strong><br \/>Investissement<\/h3>\n<p>Assurer l&rsquo;\u00e9panouissement de tous les talents, \u00e0 commencer par les femmes, aux postes de direction et d&rsquo;investissement, dans les march\u00e9s d\u00e9velopp\u00e9s et \u00e9mergents.<\/p>\n<p>[\/et_pb_blurb][\/et_pb_column][et_pb_column type=\u00a0\u00bb1_3&Prime; _builder_version=\u00a0\u00bb4.9.7&Prime; _module_preset=\u00a0\u00bbdefault\u00a0\u00bb global_colors_info=\u00a0\u00bb{}\u00a0\u00bb][et_pb_blurb image=\u00a0\u00bbhttps:\/\/investorleadershipnetwork.org\/wp-content\/uploads\/Climate-Change.png\u00a0\u00bb icon_placement=\u00a0\u00bbleft\u00a0\u00bb image_max_width=\u00a0\u00bb60px\u00a0\u00bb module_class=\u00a0\u00bbnotch-bg\u00a0\u00bb _builder_version=\u00a0\u00bb4.9.9&Prime; _dynamic_attributes=\u00a0\u00bblink_option_url\u00a0\u00bb _module_preset=\u00a0\u00bbdefault\u00a0\u00bb header_level=\u00a0\u00bbh3&Prime; background_color=\u00a0\u00bb#FFFFFF\u00a0\u00bb background_color_gradient_direction=\u00a0\u00bb45deg\u00a0\u00bb background_image=\u00a0\u00bbhttps:\/\/investorleadershipnetwork.org\/wp-content\/uploads\/Climate_Change_BW.jpg\u00a0\u00bb custom_padding=\u00a0\u00bb3em|2em|3em|2em|true|true\u00a0\u00bb animation=\u00a0\u00bboff\u00a0\u00bb link_option_url=\u00a0\u00bb@ET-DC@eyJkeW5hbWljIjp0cnVlLCJjb250ZW50IjoicG9zdF9saW5rX3VybF9wYWdlIiwic2V0dGluZ3MiOnsicG9zdF9pZCI6IjE0MSJ9fQ==@\u00a0\u00bb box_shadow_style=\u00a0\u00bbpreset2&Prime; box_shadow_color=\u00a0\u00bbrgba(52,88,121,0.16)\u00a0\u00bb global_colors_info=\u00a0\u00bb{}\u00a0\u00bb custom_css_before_last_edited=\u00a0\u00bbon|tablet\u00a0\u00bb background__hover_enabled=\u00a0\u00bbon|desktop\u00a0\u00bb background_image__hover=\u00a0\u00bbhttps:\/\/investorleadershipnetwork.org\/wp-content\/uploads\/Climate_Change_Colour.jpg\u00a0\u00bb background_enable_image__hover=\u00a0\u00bbon\u00a0\u00bb background_layout__hover_enabled=\u00a0\u00bbon|desktop\u00a0\u00bb transform_styles__hover_enabled=\u00a0\u00bbon|hover\u00a0\u00bb transform_scale__hover_enabled=\u00a0\u00bbon|hover\u00a0\u00bb transform_translate__hover_enabled=\u00a0\u00bbon|desktop\u00a0\u00bb transform_rotate__hover_enabled=\u00a0\u00bbon|desktop\u00a0\u00bb transform_skew__hover_enabled=\u00a0\u00bbon|desktop\u00a0\u00bb transform_origin__hover_enabled=\u00a0\u00bbon|desktop\u00a0\u00bb transform_scale__hover=\u00a0\u00bb105%|105%\u00a0\u00bb]<\/p>\n<h3><strong>Climatique<\/strong><br \/>Changement<\/h3>\n<p>Acc\u00e9l\u00e9rer la mise en \u0153uvre de divulgations uniformes et comparables li\u00e9es au climat dans le cadre du FSB-TCFD.<\/p>\n<p>[\/et_pb_blurb][\/et_pb_column][\/et_pb_row][\/et_pb_section]<\/p>\n<span class=\"et_bloom_bottom_trigger\"><\/span>","protected":false},"excerpt":{"rendered":"<p>Nos InitativesInfrastructureLe programme de bourses Fournir une formation acad\u00e9mique et pratique pour hauts fonctionnaires du secteur public dans les gouvernements des march\u00e9s d\u00e9velopp\u00e9s et frontiers.Diversit\u00e9 dansInvestissement Assurer l&rsquo;\u00e9panouissement de tous les talents, \u00e0 commencer par les femmes, aux postes de direction et d&rsquo;investissement, dans les march\u00e9s d\u00e9velopp\u00e9s et \u00e9mergents.ClimatiqueChangement Acc\u00e9l\u00e9rer la mise en \u0153uvre de [&hellip;]<\/p>\n","protected":false},"author":1,"featured_media":0,"parent":0,"menu_order":0,"comment_status":"closed","ping_status":"closed","template":"","meta":{"_et_pb_use_builder":"on","_et_pb_old_content":"","_et_gb_content_width":"","om_disable_all_campaigns":false,"_monsterinsights_skip_tracking":false,"_monsterinsights_sitenote_active":false,"_monsterinsights_sitenote_note":"","_monsterinsights_sitenote_category":0,"_uf_show_specific_survey":0,"_uf_disable_surveys":false,"footnotes":""},"class_list":["post-1381","page","type-page","status-publish","hentry"],"aioseo_notices":[],"yoast_head":"<!-- This site is optimized with the Yoast SEO plugin v17.4 - https:\/\/yoast.com\/wordpress\/plugins\/seo\/ -->\n<title>En savoir plus de nos initiatives - R\u00e9seau de Leadership des Investisseurs<\/title>\n<meta name=\"description\" content=\"Les initiatives du R\u00e9seau de Leadership des Investisseurs inclus: Infrastructure Durable, Diversit\u00e9 dans l&#039;investissement et Changement Climatique.\" \/>\n<meta name=\"robots\" content=\"index, follow, max-snippet:-1, max-image-preview:large, max-video-preview:-1\" \/>\n<link rel=\"canonical\" href=\"https:\/\/investorleadershipnetwork.org\/fr\/initiatives\/\" \/>\n<meta property=\"og:locale\" content=\"fr_FR\" \/>\n<meta property=\"og:type\" content=\"article\" \/>\n<meta property=\"og:title\" content=\"En savoir plus de nos initiatives - R\u00e9seau de Leadership des Investisseurs\" \/>\n<meta property=\"og:description\" content=\"Les initiatives du R\u00e9seau de Leadership des Investisseurs inclus: Infrastructure Durable, Diversit\u00e9 dans l&#039;investissement et Changement Climatique.\" \/>\n<meta property=\"og:url\" content=\"https:\/\/investorleadershipnetwork.org\/fr\/initiatives\/\" \/>\n<meta property=\"og:site_name\" content=\"Investor Leadership Network\" \/>\n<meta property=\"article:modified_time\" content=\"2021-09-24T21:07:35+00:00\" \/>\n<meta name=\"twitter:card\" content=\"summary_large_image\" \/>\n<meta name=\"twitter:label1\" content=\"Dur\u00e9e de lecture est.\" \/>\n\t<meta name=\"twitter:data1\" content=\"4 minutes\" \/>\n<script type=\"application\/ld+json\" class=\"yoast-schema-graph\">{\"@context\":\"https:\/\/schema.org\",\"@graph\":[{\"@type\":\"Organization\",\"@id\":\"https:\/\/investorleadershipnetwork.org\/fr\/#organization\",\"name\":\"Investor Leadership Network\",\"url\":\"https:\/\/investorleadershipnetwork.org\/fr\/\",\"sameAs\":[\"https:\/\/www.linkedin.com\/company\/investorleadershipnetwork\"],\"logo\":{\"@type\":\"ImageObject\",\"@id\":\"https:\/\/investorleadershipnetwork.org\/fr\/#logo\",\"inLanguage\":\"fr-FR\",\"url\":\"https:\/\/investorleadershipnetwork.org\/wp-content\/uploads\/ILN_Logo_en.svg\",\"contentUrl\":\"https:\/\/investorleadershipnetwork.org\/wp-content\/uploads\/ILN_Logo_en.svg\",\"width\":769,\"height\":348,\"caption\":\"Investor Leadership Network\"},\"image\":{\"@id\":\"https:\/\/investorleadershipnetwork.org\/fr\/#logo\"}},{\"@type\":\"WebSite\",\"@id\":\"https:\/\/investorleadershipnetwork.org\/fr\/#website\",\"url\":\"https:\/\/investorleadershipnetwork.org\/fr\/\",\"name\":\"Investor Leadership Network\",\"description\":\"Staging Site\",\"publisher\":{\"@id\":\"https:\/\/investorleadershipnetwork.org\/fr\/#organization\"},\"potentialAction\":[{\"@type\":\"SearchAction\",\"target\":{\"@type\":\"EntryPoint\",\"urlTemplate\":\"https:\/\/investorleadershipnetwork.org\/fr\/?s={search_term_string}\"},\"query-input\":\"required name=search_term_string\"}],\"inLanguage\":\"fr-FR\"},{\"@type\":\"WebPage\",\"@id\":\"https:\/\/investorleadershipnetwork.org\/fr\/initiatives\/#webpage\",\"url\":\"https:\/\/investorleadershipnetwork.org\/fr\/initiatives\/\",\"name\":\"En savoir plus de nos initiatives - R\\u00e9seau de Leadership des Investisseurs\",\"isPartOf\":{\"@id\":\"https:\/\/investorleadershipnetwork.org\/fr\/#website\"},\"datePublished\":\"2021-09-24T21:06:18+00:00\",\"dateModified\":\"2021-09-24T21:07:35+00:00\",\"description\":\"Les initiatives du R\\u00e9seau de Leadership des Investisseurs inclus: Infrastructure Durable, Diversit\\u00e9 dans l'investissement et Changement Climatique.\",\"breadcrumb\":{\"@id\":\"https:\/\/investorleadershipnetwork.org\/fr\/initiatives\/#breadcrumb\"},\"inLanguage\":\"fr-FR\",\"potentialAction\":[{\"@type\":\"ReadAction\",\"target\":[\"https:\/\/investorleadershipnetwork.org\/fr\/initiatives\/\"]}]},{\"@type\":\"BreadcrumbList\",\"@id\":\"https:\/\/investorleadershipnetwork.org\/fr\/initiatives\/#breadcrumb\",\"itemListElement\":[{\"@type\":\"ListItem\",\"position\":1,\"name\":\"Home\",\"item\":\"https:\/\/investorleadershipnetwork.org\/fr\/\"},{\"@type\":\"ListItem\",\"position\":2,\"name\":\"Initiatives\"}]}]}<\/script>\n<!-- \/ Yoast SEO plugin. -->","yoast_head_json":{"title":"En savoir plus de nos initiatives - R\u00e9seau de Leadership des Investisseurs","description":"Les initiatives du R\u00e9seau de Leadership des Investisseurs inclus: Infrastructure Durable, Diversit\u00e9 dans l'investissement et Changement Climatique.","robots":{"index":"index","follow":"follow","max-snippet":"max-snippet:-1","max-image-preview":"max-image-preview:large","max-video-preview":"max-video-preview:-1"},"canonical":"https:\/\/investorleadershipnetwork.org\/fr\/initiatives\/","og_locale":"fr_FR","og_type":"article","og_title":"En savoir plus de nos initiatives - R\u00e9seau de Leadership des Investisseurs","og_description":"Les initiatives du R\u00e9seau de Leadership des Investisseurs inclus: Infrastructure Durable, Diversit\u00e9 dans l'investissement et Changement Climatique.","og_url":"https:\/\/investorleadershipnetwork.org\/fr\/initiatives\/","og_site_name":"Investor Leadership Network","article_modified_time":"2021-09-24T21:07:35+00:00","twitter_card":"summary_large_image","twitter_misc":{"Dur\u00e9e de lecture est.":"4 minutes"},"schema":{"@context":"https:\/\/schema.org","@graph":[{"@type":"Organization","@id":"https:\/\/investorleadershipnetwork.org\/fr\/#organization","name":"Investor Leadership Network","url":"https:\/\/investorleadershipnetwork.org\/fr\/","sameAs":["https:\/\/www.linkedin.com\/company\/investorleadershipnetwork"],"logo":{"@type":"ImageObject","@id":"https:\/\/investorleadershipnetwork.org\/fr\/#logo","inLanguage":"fr-FR","url":"https:\/\/investorleadershipnetwork.org\/wp-content\/uploads\/ILN_Logo_en.svg","contentUrl":"https:\/\/investorleadershipnetwork.org\/wp-content\/uploads\/ILN_Logo_en.svg","width":769,"height":348,"caption":"Investor Leadership Network"},"image":{"@id":"https:\/\/investorleadershipnetwork.org\/fr\/#logo"}},{"@type":"WebSite","@id":"https:\/\/investorleadershipnetwork.org\/fr\/#website","url":"https:\/\/investorleadershipnetwork.org\/fr\/","name":"Investor Leadership Network","description":"Staging Site","publisher":{"@id":"https:\/\/investorleadershipnetwork.org\/fr\/#organization"},"potentialAction":[{"@type":"SearchAction","target":{"@type":"EntryPoint","urlTemplate":"https:\/\/investorleadershipnetwork.org\/fr\/?s={search_term_string}"},"query-input":"required name=search_term_string"}],"inLanguage":"fr-FR"},{"@type":"WebPage","@id":"https:\/\/investorleadershipnetwork.org\/fr\/initiatives\/#webpage","url":"https:\/\/investorleadershipnetwork.org\/fr\/initiatives\/","name":"En savoir plus de nos initiatives - R\u00e9seau de Leadership des Investisseurs","isPartOf":{"@id":"https:\/\/investorleadershipnetwork.org\/fr\/#website"},"datePublished":"2021-09-24T21:06:18+00:00","dateModified":"2021-09-24T21:07:35+00:00","description":"Les initiatives du R\u00e9seau de Leadership des Investisseurs inclus: Infrastructure Durable, Diversit\u00e9 dans l'investissement et Changement Climatique.","breadcrumb":{"@id":"https:\/\/investorleadershipnetwork.org\/fr\/initiatives\/#breadcrumb"},"inLanguage":"fr-FR","potentialAction":[{"@type":"ReadAction","target":["https:\/\/investorleadershipnetwork.org\/fr\/initiatives\/"]}]},{"@type":"BreadcrumbList","@id":"https:\/\/investorleadershipnetwork.org\/fr\/initiatives\/#breadcrumb","itemListElement":[{"@type":"ListItem","position":1,"name":"Home","item":"https:\/\/investorleadershipnetwork.org\/fr\/"},{"@type":"ListItem","position":2,"name":"Initiatives"}]}]}},"_links":{"self":[{"href":"https:\/\/investorleadershipnetwork.org\/fr\/wp-json\/wp\/v2\/pages\/1381","targetHints":{"allow":["GET"]}}],"collection":[{"href":"https:\/\/investorleadershipnetwork.org\/fr\/wp-json\/wp\/v2\/pages"}],"about":[{"href":"https:\/\/investorleadershipnetwork.org\/fr\/wp-json\/wp\/v2\/types\/page"}],"author":[{"embeddable":true,"href":"https:\/\/investorleadershipnetwork.org\/fr\/wp-json\/wp\/v2\/users\/1"}],"replies":[{"embeddable":true,"href":"https:\/\/investorleadershipnetwork.org\/fr\/wp-json\/wp\/v2\/comments?post=1381"}],"version-history":[{"count":5,"href":"https:\/\/investorleadershipnetwork.org\/fr\/wp-json\/wp\/v2\/pages\/1381\/revisions"}],"predecessor-version":[{"id":1386,"href":"https:\/\/investorleadershipnetwork.org\/fr\/wp-json\/wp\/v2\/pages\/1381\/revisions\/1386"}],"wp:attachment":[{"href":"https:\/\/investorleadershipnetwork.org\/fr\/wp-json\/wp\/v2\/media?parent=1381"}],"curies":[{"name":"wp","href":"https:\/\/api.w.org\/{rel}","templated":true}]}}