{"id":1397,"date":"2021-09-24T17:22:10","date_gmt":"2021-09-24T21:22:10","guid":{"rendered":"https:\/\/investorleadershipnetwork.org\/nouvelles-et-informations\/"},"modified":"2021-09-24T17:22:31","modified_gmt":"2021-09-24T21:22:31","slug":"nouvelles-et-informations","status":"publish","type":"page","link":"https:\/\/investorleadershipnetwork.org\/fr\/nouvelles-et-informations\/","title":{"rendered":"Nouvelles et Informations"},"content":{"rendered":"<p>[et_pb_section fb_built=\u00a0\u00bb1&Prime; _builder_version=\u00a0\u00bb4.9.9&Prime; _module_preset=\u00a0\u00bbdefault\u00a0\u00bb background_color=\u00a0\u00bb#26819E\u00a0\u00bb custom_padding=\u00a0\u00bb||0px|||\u00a0\u00bb global_colors_info=\u00a0\u00bb{}\u00a0\u00bb][et_pb_row _builder_version=\u00a0\u00bb4.9.9&Prime; _module_preset=\u00a0\u00bbdefault\u00a0\u00bb custom_padding=\u00a0\u00bb0px|||||\u00a0\u00bb global_colors_info=\u00a0\u00bb{}\u00a0\u00bb][et_pb_column type=\u00a0\u00bb4_4&Prime; _builder_version=\u00a0\u00bb4.9.9&Prime; _module_preset=\u00a0\u00bbdefault\u00a0\u00bb global_colors_info=\u00a0\u00bb{}\u00a0\u00bb][et_pb_text _builder_version=\u00a0\u00bb4.9.9&Prime; _dynamic_attributes=\u00a0\u00bbcontent\u00a0\u00bb _module_preset=\u00a0\u00bbdefault\u00a0\u00bb header_font_size=\u00a0\u00bb3.5rem\u00a0\u00bb background_layout=\u00a0\u00bbdark\u00a0\u00bb custom_margin=\u00a0\u00bb||1.5rem||false|false\u00a0\u00bb global_colors_info=\u00a0\u00bb{}\u00a0\u00bb]@ET-DC@eyJkeW5hbWljIjp0cnVlLCJjb250ZW50IjoicG9zdF90aXRsZSIsInNldHRpbmdzIjp7ImJlZm9yZSI6IjxoMT4iLCJhZnRlciI6IjwvaDE+In19@[\/et_pb_text][et_pb_menu menu_id=\u00a0\u00bb8&Prime; module_class=\u00a0\u00bbprevent-mobile\u00a0\u00bb _builder_version=\u00a0\u00bb4.9.9&Prime; _module_preset=\u00a0\u00bbdefault\u00a0\u00bb background_enable_color=\u00a0\u00bboff\u00a0\u00bb global_colors_info=\u00a0\u00bb{}\u00a0\u00bb][\/et_pb_menu][\/et_pb_column][\/et_pb_row][\/et_pb_section][et_pb_section fb_built=\u00a0\u00bb1&Prime; _builder_version=\u00a0\u00bb4.9.9&Prime; _module_preset=\u00a0\u00bbdefault\u00a0\u00bb background_color=\u00a0\u00bbrgba(124,166,181,0.1)\u00a0\u00bb global_colors_info=\u00a0\u00bb{}\u00a0\u00bb][et_pb_row _builder_version=\u00a0\u00bb4.9.9&Prime; _module_preset=\u00a0\u00bbdefault\u00a0\u00bb custom_padding=\u00a0\u00bb0px|||||\u00a0\u00bb global_colors_info=\u00a0\u00bb{}\u00a0\u00bb][et_pb_column type=\u00a0\u00bb4_4&Prime; _builder_version=\u00a0\u00bb4.9.9&Prime; _module_preset=\u00a0\u00bbdefault\u00a0\u00bb global_colors_info=\u00a0\u00bb{}\u00a0\u00bb][et_pb_blog fullwidth=\u00a0\u00bboff\u00a0\u00bb posts_number=\u00a0\u00bb50&Prime; show_more=\u00a0\u00bbon\u00a0\u00bb show_author=\u00a0\u00bboff\u00a0\u00bb show_categories=\u00a0\u00bboff\u00a0\u00bb show_excerpt=\u00a0\u00bboff\u00a0\u00bb masonry_tile_background_color=\u00a0\u00bb#FFFFFF\u00a0\u00bb _builder_version=\u00a0\u00bb4.9.9&Prime; _module_preset=\u00a0\u00bbdefault\u00a0\u00bb header_level=\u00a0\u00bbh3&Prime; header_font=\u00a0\u00bb|600|||||||\u00a0\u00bb header_font_size=\u00a0\u00bb26px\u00a0\u00bb meta_font=\u00a0\u00bb|||on|||||\u00a0\u00bb meta_font_size=\u00a0\u00bb0.9rem\u00a0\u00bb read_more_text_color=\u00a0\u00bb#FFFFFF\u00a0\u00bb background_enable_color=\u00a0\u00bboff\u00a0\u00bb custom_padding=\u00a0\u00bb||||true|true\u00a0\u00bb box_shadow_style=\u00a0\u00bbpreset2&Prime; box_shadow_color=\u00a0\u00bbrgba(52,88,121,0.16)\u00a0\u00bb global_colors_info=\u00a0\u00bb{}\u00a0\u00bb background__hover_enabled=\u00a0\u00bbon|desktop\u00a0\u00bb transform_styles__hover_enabled=\u00a0\u00bboff|hover\u00a0\u00bb transform_scale__hover_enabled=\u00a0\u00bboff|hover\u00a0\u00bb transform_translate__hover_enabled=\u00a0\u00bboff|hover\u00a0\u00bb transform_rotate__hover_enabled=\u00a0\u00bboff|hover\u00a0\u00bb transform_skew__hover_enabled=\u00a0\u00bboff|hover\u00a0\u00bb transform_origin__hover_enabled=\u00a0\u00bboff|hover\u00a0\u00bb][\/et_pb_blog][\/et_pb_column][\/et_pb_row][\/et_pb_section]<\/p>\n<span class=\"et_bloom_bottom_trigger\"><\/span>","protected":false},"excerpt":{"rendered":"","protected":false},"author":1,"featured_media":0,"parent":0,"menu_order":0,"comment_status":"closed","ping_status":"closed","template":"","meta":{"_et_pb_use_builder":"on","_et_pb_old_content":"","_et_gb_content_width":"","om_disable_all_campaigns":false,"_monsterinsights_skip_tracking":false,"_monsterinsights_sitenote_active":false,"_monsterinsights_sitenote_note":"","_monsterinsights_sitenote_category":0,"_uf_show_specific_survey":0,"_uf_disable_surveys":false,"footnotes":""},"class_list":["post-1397","page","type-page","status-publish","hentry"],"aioseo_notices":[],"yoast_head":"<!-- This site is optimized with the Yoast SEO plugin v17.4 - https:\/\/yoast.com\/wordpress\/plugins\/seo\/ -->\n<title>Derni\u00e8res Nouvelles et Informations - R\u00e9seau de Leadership des Investisseurs<\/title>\n<meta name=\"description\" content=\"Restez \u00e0 jour avec les derni\u00e8res nouvelles, communiqu\u00e9s de presse et insights publi\u00e9s par R\u00e9seau de Leadership des Investisseurs.\" \/>\n<meta name=\"robots\" content=\"index, follow, max-snippet:-1, max-image-preview:large, max-video-preview:-1\" \/>\n<link rel=\"canonical\" href=\"https:\/\/investorleadershipnetwork.org\/fr\/nouvelles-et-informations\/\" \/>\n<meta property=\"og:locale\" content=\"fr_FR\" \/>\n<meta property=\"og:type\" content=\"article\" \/>\n<meta property=\"og:title\" content=\"Derni\u00e8res Nouvelles et Informations - R\u00e9seau de Leadership des Investisseurs\" \/>\n<meta property=\"og:description\" content=\"Restez \u00e0 jour avec les derni\u00e8res nouvelles, communiqu\u00e9s de presse et insights publi\u00e9s par R\u00e9seau de Leadership des Investisseurs.\" \/>\n<meta property=\"og:url\" content=\"https:\/\/investorleadershipnetwork.org\/fr\/nouvelles-et-informations\/\" \/>\n<meta property=\"og:site_name\" content=\"Investor Leadership Network\" \/>\n<meta property=\"article:modified_time\" content=\"2021-09-24T21:22:31+00:00\" \/>\n<meta name=\"twitter:card\" content=\"summary_large_image\" \/>\n<meta name=\"twitter:label1\" content=\"Dur\u00e9e de lecture est.\" \/>\n\t<meta name=\"twitter:data1\" content=\"1 minute\" \/>\n<script type=\"application\/ld+json\" class=\"yoast-schema-graph\">{\"@context\":\"https:\/\/schema.org\",\"@graph\":[{\"@type\":\"Organization\",\"@id\":\"https:\/\/investorleadershipnetwork.org\/fr\/#organization\",\"name\":\"Investor Leadership Network\",\"url\":\"https:\/\/investorleadershipnetwork.org\/fr\/\",\"sameAs\":[\"https:\/\/www.linkedin.com\/company\/investorleadershipnetwork\"],\"logo\":{\"@type\":\"ImageObject\",\"@id\":\"https:\/\/investorleadershipnetwork.org\/fr\/#logo\",\"inLanguage\":\"fr-FR\",\"url\":\"https:\/\/investorleadershipnetwork.org\/wp-content\/uploads\/ILN_Logo_en.svg\",\"contentUrl\":\"https:\/\/investorleadershipnetwork.org\/wp-content\/uploads\/ILN_Logo_en.svg\",\"width\":769,\"height\":348,\"caption\":\"Investor Leadership Network\"},\"image\":{\"@id\":\"https:\/\/investorleadershipnetwork.org\/fr\/#logo\"}},{\"@type\":\"WebSite\",\"@id\":\"https:\/\/investorleadershipnetwork.org\/fr\/#website\",\"url\":\"https:\/\/investorleadershipnetwork.org\/fr\/\",\"name\":\"Investor Leadership Network\",\"description\":\"Staging Site\",\"publisher\":{\"@id\":\"https:\/\/investorleadershipnetwork.org\/fr\/#organization\"},\"potentialAction\":[{\"@type\":\"SearchAction\",\"target\":{\"@type\":\"EntryPoint\",\"urlTemplate\":\"https:\/\/investorleadershipnetwork.org\/fr\/?s={search_term_string}\"},\"query-input\":\"required name=search_term_string\"}],\"inLanguage\":\"fr-FR\"},{\"@type\":\"WebPage\",\"@id\":\"https:\/\/investorleadershipnetwork.org\/fr\/nouvelles-et-informations\/#webpage\",\"url\":\"https:\/\/investorleadershipnetwork.org\/fr\/nouvelles-et-informations\/\",\"name\":\"Derni\\u00e8res Nouvelles et Informations - R\\u00e9seau de Leadership des Investisseurs\",\"isPartOf\":{\"@id\":\"https:\/\/investorleadershipnetwork.org\/fr\/#website\"},\"datePublished\":\"2021-09-24T21:22:10+00:00\",\"dateModified\":\"2021-09-24T21:22:31+00:00\",\"description\":\"Restez \\u00e0 jour avec les derni\\u00e8res nouvelles, communiqu\\u00e9s de presse et insights publi\\u00e9s par R\\u00e9seau de Leadership des Investisseurs.\",\"breadcrumb\":{\"@id\":\"https:\/\/investorleadershipnetwork.org\/fr\/nouvelles-et-informations\/#breadcrumb\"},\"inLanguage\":\"fr-FR\",\"potentialAction\":[{\"@type\":\"ReadAction\",\"target\":[\"https:\/\/investorleadershipnetwork.org\/fr\/nouvelles-et-informations\/\"]}]},{\"@type\":\"BreadcrumbList\",\"@id\":\"https:\/\/investorleadershipnetwork.org\/fr\/nouvelles-et-informations\/#breadcrumb\",\"itemListElement\":[{\"@type\":\"ListItem\",\"position\":1,\"name\":\"Home\",\"item\":\"https:\/\/investorleadershipnetwork.org\/fr\/\"},{\"@type\":\"ListItem\",\"position\":2,\"name\":\"Nouvelles et Informations\"}]}]}<\/script>\n<!-- \/ Yoast SEO plugin. -->","yoast_head_json":{"title":"Derni\u00e8res Nouvelles et Informations - R\u00e9seau de Leadership des Investisseurs","description":"Restez \u00e0 jour avec les derni\u00e8res nouvelles, communiqu\u00e9s de presse et insights publi\u00e9s par R\u00e9seau de Leadership des Investisseurs.","robots":{"index":"index","follow":"follow","max-snippet":"max-snippet:-1","max-image-preview":"max-image-preview:large","max-video-preview":"max-video-preview:-1"},"canonical":"https:\/\/investorleadershipnetwork.org\/fr\/nouvelles-et-informations\/","og_locale":"fr_FR","og_type":"article","og_title":"Derni\u00e8res Nouvelles et Informations - R\u00e9seau de Leadership des Investisseurs","og_description":"Restez \u00e0 jour avec les derni\u00e8res nouvelles, communiqu\u00e9s de presse et insights publi\u00e9s par R\u00e9seau de Leadership des Investisseurs.","og_url":"https:\/\/investorleadershipnetwork.org\/fr\/nouvelles-et-informations\/","og_site_name":"Investor Leadership Network","article_modified_time":"2021-09-24T21:22:31+00:00","twitter_card":"summary_large_image","twitter_misc":{"Dur\u00e9e de lecture est.":"1 minute"},"schema":{"@context":"https:\/\/schema.org","@graph":[{"@type":"Organization","@id":"https:\/\/investorleadershipnetwork.org\/fr\/#organization","name":"Investor Leadership Network","url":"https:\/\/investorleadershipnetwork.org\/fr\/","sameAs":["https:\/\/www.linkedin.com\/company\/investorleadershipnetwork"],"logo":{"@type":"ImageObject","@id":"https:\/\/investorleadershipnetwork.org\/fr\/#logo","inLanguage":"fr-FR","url":"https:\/\/investorleadershipnetwork.org\/wp-content\/uploads\/ILN_Logo_en.svg","contentUrl":"https:\/\/investorleadershipnetwork.org\/wp-content\/uploads\/ILN_Logo_en.svg","width":769,"height":348,"caption":"Investor Leadership Network"},"image":{"@id":"https:\/\/investorleadershipnetwork.org\/fr\/#logo"}},{"@type":"WebSite","@id":"https:\/\/investorleadershipnetwork.org\/fr\/#website","url":"https:\/\/investorleadershipnetwork.org\/fr\/","name":"Investor Leadership Network","description":"Staging Site","publisher":{"@id":"https:\/\/investorleadershipnetwork.org\/fr\/#organization"},"potentialAction":[{"@type":"SearchAction","target":{"@type":"EntryPoint","urlTemplate":"https:\/\/investorleadershipnetwork.org\/fr\/?s={search_term_string}"},"query-input":"required name=search_term_string"}],"inLanguage":"fr-FR"},{"@type":"WebPage","@id":"https:\/\/investorleadershipnetwork.org\/fr\/nouvelles-et-informations\/#webpage","url":"https:\/\/investorleadershipnetwork.org\/fr\/nouvelles-et-informations\/","name":"Derni\u00e8res Nouvelles et Informations - R\u00e9seau de Leadership des Investisseurs","isPartOf":{"@id":"https:\/\/investorleadershipnetwork.org\/fr\/#website"},"datePublished":"2021-09-24T21:22:10+00:00","dateModified":"2021-09-24T21:22:31+00:00","description":"Restez \u00e0 jour avec les derni\u00e8res nouvelles, communiqu\u00e9s de presse et insights publi\u00e9s par R\u00e9seau de Leadership des Investisseurs.","breadcrumb":{"@id":"https:\/\/investorleadershipnetwork.org\/fr\/nouvelles-et-informations\/#breadcrumb"},"inLanguage":"fr-FR","potentialAction":[{"@type":"ReadAction","target":["https:\/\/investorleadershipnetwork.org\/fr\/nouvelles-et-informations\/"]}]},{"@type":"BreadcrumbList","@id":"https:\/\/investorleadershipnetwork.org\/fr\/nouvelles-et-informations\/#breadcrumb","itemListElement":[{"@type":"ListItem","position":1,"name":"Home","item":"https:\/\/investorleadershipnetwork.org\/fr\/"},{"@type":"ListItem","position":2,"name":"Nouvelles et Informations"}]}]}},"_links":{"self":[{"href":"https:\/\/investorleadershipnetwork.org\/fr\/wp-json\/wp\/v2\/pages\/1397","targetHints":{"allow":["GET"]}}],"collection":[{"href":"https:\/\/investorleadershipnetwork.org\/fr\/wp-json\/wp\/v2\/pages"}],"about":[{"href":"https:\/\/investorleadershipnetwork.org\/fr\/wp-json\/wp\/v2\/types\/page"}],"author":[{"embeddable":true,"href":"https:\/\/investorleadershipnetwork.org\/fr\/wp-json\/wp\/v2\/users\/1"}],"replies":[{"embeddable":true,"href":"https:\/\/investorleadershipnetwork.org\/fr\/wp-json\/wp\/v2\/comments?post=1397"}],"version-history":[{"count":3,"href":"https:\/\/investorleadershipnetwork.org\/fr\/wp-json\/wp\/v2\/pages\/1397\/revisions"}],"predecessor-version":[{"id":1400,"href":"https:\/\/investorleadershipnetwork.org\/fr\/wp-json\/wp\/v2\/pages\/1397\/revisions\/1400"}],"wp:attachment":[{"href":"https:\/\/investorleadershipnetwork.org\/fr\/wp-json\/wp\/v2\/media?parent=1397"}],"curies":[{"name":"wp","href":"https:\/\/api.w.org\/{rel}","templated":true}]}}