{"id":1408,"date":"2021-09-24T17:42:46","date_gmt":"2021-09-24T21:42:46","guid":{"rendered":"https:\/\/investorleadershipnetwork.org\/contactez\/"},"modified":"2021-09-24T17:42:47","modified_gmt":"2021-09-24T21:42:47","slug":"contactez","status":"publish","type":"page","link":"https:\/\/investorleadershipnetwork.org\/fr\/contactez\/","title":{"rendered":"Contactez"},"content":{"rendered":"<p>[et_pb_section fb_built=\u00a0\u00bb1&Prime; _builder_version=\u00a0\u00bb4.9.9&Prime; _module_preset=\u00a0\u00bbdefault\u00a0\u00bb global_colors_info=\u00a0\u00bb{}\u00a0\u00bb][et_pb_row column_structure=\u00a0\u00bb3_5,2_5&Prime; _builder_version=\u00a0\u00bb4.9.9&Prime; _module_preset=\u00a0\u00bbdefault\u00a0\u00bb global_colors_info=\u00a0\u00bb{}\u00a0\u00bb][et_pb_column type=\u00a0\u00bb3_5&Prime; _builder_version=\u00a0\u00bb4.9.9&Prime; _module_preset=\u00a0\u00bbdefault\u00a0\u00bb global_colors_info=\u00a0\u00bb{}\u00a0\u00bb][et_pb_text _builder_version=\u00a0\u00bb4.9.9&Prime; _module_preset=\u00a0\u00bbdefault\u00a0\u00bb custom_margin=\u00a0\u00bb||1rem||false|false\u00a0\u00bb global_colors_info=\u00a0\u00bb{}\u00a0\u00bb]<\/p>\n<h1>Contactez nous<\/h1>\n<p>Merci de votre int\u00e9r\u00eat au R\u00e9seau de Leadership des Investisseurs Les cases marqu\u00e9es d&rsquo;un ast\u00e9risque (*) sont obligatoires.<\/p>\n<p>[\/et_pb_text][et_pb_text _builder_version=\u00a0\u00bb4.9.9&Prime; _module_preset=\u00a0\u00bbdefault\u00a0\u00bb global_colors_info=\u00a0\u00bb{}\u00a0\u00bb]<\/p>\n<div class=\"frm_forms  with_frm_style frm_style_sleek-smooth-style\" id=\"frm_form_1_container\" >\n<form enctype=\"multipart\/form-data\" method=\"post\" class=\"frm-show-form  frm_pro_form \" id=\"form_contact-form\"  >\n<div class=\"frm_form_fields \">\n<fieldset>\n<legend class=\"frm_screen_reader\">Contact Us<\/legend>\r\n\r\n<div class=\"frm_fields_container\">\n<input type=\"hidden\" name=\"frm_action\" value=\"create\" \/>\n<input type=\"hidden\" name=\"form_id\" value=\"1\" \/>\n<input type=\"hidden\" name=\"frm_hide_fields_1\" id=\"frm_hide_fields_1\" value=\"\" \/>\n<input type=\"hidden\" name=\"form_key\" value=\"contact-form\" \/>\n<input type=\"hidden\" name=\"item_meta[0]\" value=\"\" \/>\n<input type=\"hidden\" id=\"frm_submit_entry_1\" name=\"frm_submit_entry_1\" value=\"95772d18fc\" \/><input type=\"hidden\" name=\"_wp_http_referer\" value=\"\/fr\/wp-json\/wp\/v2\/pages\/1408\" \/><div id=\"frm_field_1_container\" class=\"frm_form_field form-field  frm_required_field frm_top_container frm_first frm_half\">\r\n    <label for=\"field_qh4icy\" id=\"field_qh4icy_label\" class=\"frm_primary_label\">Name\r\n        <span class=\"frm_required\" aria-hidden=\"true\">*<\/span>\r\n    <\/label>\r\n    <input type=\"text\" id=\"field_qh4icy\" name=\"item_meta[1]\" value=\"\"  data-reqmsg=\"This field cannot be blank.\" aria-required=\"true\" data-invmsg=\"Name est non valide\" aria-invalid=\"false\"   aria-describedby=\"frm_desc_field_qh4icy\"\/>\r\n    <div class=\"frm_description\" id=\"frm_desc_field_qh4icy\">First<\/div>\r\n    \r\n<\/div>\n<div id=\"frm_field_2_container\" class=\"frm_form_field form-field  frm_required_field frm_hidden_container frm_half\">\r\n    <label for=\"field_ocfup1\" id=\"field_ocfup1_label\" class=\"frm_primary_label\">Last\r\n        <span class=\"frm_required\" aria-hidden=\"true\">*<\/span>\r\n    <\/label>\r\n    <input type=\"text\" id=\"field_ocfup1\" name=\"item_meta[2]\" value=\"\"  data-reqmsg=\"This field cannot be blank.\" aria-required=\"true\" data-invmsg=\"Last est non valide\" aria-invalid=\"false\"   aria-describedby=\"frm_desc_field_ocfup1\"\/>\r\n    <div class=\"frm_description\" id=\"frm_desc_field_ocfup1\">Last<\/div>\r\n    \r\n<\/div>\n<div id=\"frm_field_3_container\" class=\"frm_form_field form-field  frm_required_field frm_top_container frm_full\">\r\n    <label for=\"field_29yf4d\" id=\"field_29yf4d_label\" class=\"frm_primary_label\">Email\r\n        <span class=\"frm_required\" aria-hidden=\"true\">*<\/span>\r\n    <\/label>\r\n    <input type=\"email\" id=\"field_29yf4d\" name=\"item_meta[3]\" value=\"\"  data-reqmsg=\"This field cannot be blank.\" aria-required=\"true\" data-invmsg=\"Please enter a valid email address\" aria-invalid=\"false\"  \/>\r\n    \r\n    \r\n<\/div>\n<div id=\"frm_field_4_container\" class=\"frm_form_field form-field  frm_required_field frm_top_container frm_full\">\r\n    <label for=\"field_e6lis6\" id=\"field_e6lis6_label\" class=\"frm_primary_label\">Subject\r\n        <span class=\"frm_required\" aria-hidden=\"true\">*<\/span>\r\n    <\/label>\r\n    <input type=\"text\" id=\"field_e6lis6\" name=\"item_meta[4]\" value=\"\"  data-reqmsg=\"This field cannot be blank.\" aria-required=\"true\" data-invmsg=\"Subject est non valide\" aria-invalid=\"false\"  \/>\r\n    \r\n    \r\n<\/div>\n<div id=\"frm_field_5_container\" class=\"frm_form_field form-field  frm_required_field frm_top_container frm_full\">\r\n    <label for=\"field_9jv0r1\" id=\"field_9jv0r1_label\" class=\"frm_primary_label\">Message\r\n        <span class=\"frm_required\" aria-hidden=\"true\">*<\/span>\r\n    <\/label>\r\n    <textarea name=\"item_meta[5]\" id=\"field_9jv0r1\" rows=\"5\"  data-reqmsg=\"This field cannot be blank.\" aria-required=\"true\" data-invmsg=\"Message est non valide\" aria-invalid=\"false\"  ><\/textarea>\r\n    \r\n    \r\n<\/div>\n\t<input type=\"hidden\" name=\"item_key\" value=\"\" \/>\n\t\t\t\t<div class=\"frm_verify\" aria-hidden=\"true\">\n\t\t\t\t<label for=\"frm_email_1\">\n\t\t\t\t\tSi vous \u00eates un humain, ne remplissez pas ce champ.\t\t\t\t<\/label>\n\t\t\t\t<input type=\"text\" class=\"frm_verify\" id=\"frm_email_1\" name=\"frm_verify\" value=\"\"  \/>\n\t\t\t<\/div>\n\t\t<input name=\"frm_state\" type=\"hidden\" value=\"w0ZcY1LeyBQFv+OteqCtRX07Mq884G\/SU9GxmkSfAZk=\" \/><div class=\"frm_submit\">\r\n\r\n<button class=\"frm_button_submit frm_final_submit\" type=\"submit\"   formnovalidate=\"formnovalidate\">Submit<\/button>\r\n\r\n<\/div><\/div>\n<\/fieldset>\n<\/div>\n<\/form>\n<\/div>\n\n<p>[\/et_pb_text][\/et_pb_column][et_pb_column type=\u00a0\u00bb2_5&Prime; _builder_version=\u00a0\u00bb4.9.9&Prime; _module_preset=\u00a0\u00bbdefault\u00a0\u00bb global_colors_info=\u00a0\u00bb{}\u00a0\u00bb][et_pb_text _builder_version=\u00a0\u00bb4.9.9&Prime; _module_preset=\u00a0\u00bbdefault\u00a0\u00bb header_2_font_size=\u00a0\u00bb2rem\u00a0\u00bb custom_margin=\u00a0\u00bb||4rem||false|false\u00a0\u00bb global_colors_info=\u00a0\u00bb{}\u00a0\u00bb]<\/p>\n<h2>Coordonn\u00e9es<\/h2>\n<p>[\/et_pb_text][et_pb_text _builder_version=\u00a0\u00bb4.9.10&Prime; _module_preset=\u00a0\u00bbdefault\u00a0\u00bb header_3_font=\u00a0\u00bb|600|||||||\u00a0\u00bb header_3_text_color=\u00a0\u00bb#26819E\u00a0\u00bb custom_margin=\u00a0\u00bb||4rem||false|false\u00a0\u00bb global_colors_info=\u00a0\u00bb{}\u00a0\u00bb]<\/p>\n<h3>Information d&rsquo;Adh\u00e9sion<\/h3>\n<p>Pour exprimer votre int\u00e9r\u00eat \u00e0 devenir membre du RLI, veuillez <a href=\"https:\/\/investorleadershipnetwork.org\/en\/interest\/\">remplir ce formulaire.<\/a><\/p>\n<p>[\/et_pb_text][\/et_pb_column][\/et_pb_row][\/et_pb_section]<\/p>\n<span class=\"et_bloom_bottom_trigger\"><\/span>","protected":false},"excerpt":{"rendered":"<p>Contactez nous Merci de votre int\u00e9r\u00eat au R\u00e9seau de Leadership des Investisseurs Les cases marqu\u00e9es d&rsquo;un ast\u00e9risque (*) sont obligatoires.<div class=\"frm_forms  with_frm_style frm_style_sleek-smooth-style\" id=\"frm_form_1_container\" >\n<form enctype=\"multipart\/form-data\" method=\"post\" class=\"frm-show-form  frm_pro_form \" id=\"form_contact-form\"  >\n<div class=\"frm_form_fields \">\n<fieldset>\n<legend class=\"frm_screen_reader\">Contact Us<\/legend>\r\n\r\n<div class=\"frm_fields_container\">\n<input type=\"hidden\" name=\"frm_action\" value=\"create\" \/>\n<input type=\"hidden\" name=\"form_id\" value=\"1\" \/>\n<input type=\"hidden\" name=\"frm_hide_fields_1\" id=\"frm_hide_fields_1\" value=\"\" \/>\n<input type=\"hidden\" name=\"form_key\" value=\"contact-form\" \/>\n<input type=\"hidden\" name=\"item_meta[0]\" value=\"\" \/>\n<input type=\"hidden\" id=\"frm_submit_entry_1\" name=\"frm_submit_entry_1\" value=\"95772d18fc\" \/><input type=\"hidden\" name=\"_wp_http_referer\" value=\"\/fr\/wp-json\/wp\/v2\/pages\/1408\" \/><div id=\"frm_field_1_container\" class=\"frm_form_field form-field  frm_required_field frm_top_container frm_first frm_half\">\r\n    <label for=\"field_qh4icy\" id=\"field_qh4icy_label\" class=\"frm_primary_label\">Name\r\n        <span class=\"frm_required\" aria-hidden=\"true\">*<\/span>\r\n    <\/label>\r\n    <input type=\"text\" id=\"field_qh4icy\" name=\"item_meta[1]\" value=\"\"  data-reqmsg=\"This field cannot be blank.\" aria-required=\"true\" data-invmsg=\"Name est non valide\" aria-invalid=\"false\"   aria-describedby=\"frm_desc_field_qh4icy\"\/>\r\n    <div class=\"frm_description\" id=\"frm_desc_field_qh4icy\">First<\/div>\r\n    \r\n<\/div>\n<div id=\"frm_field_2_container\" class=\"frm_form_field form-field  frm_required_field frm_hidden_container frm_half\">\r\n    <label for=\"field_ocfup1\" id=\"field_ocfup1_label\" class=\"frm_primary_label\">Last\r\n        <span class=\"frm_required\" aria-hidden=\"true\">*<\/span>\r\n    <\/label>\r\n    <input type=\"text\" id=\"field_ocfup1\" name=\"item_meta[2]\" value=\"\"  data-reqmsg=\"This field cannot be blank.\" aria-required=\"true\" data-invmsg=\"Last est non valide\" aria-invalid=\"false\"   aria-describedby=\"frm_desc_field_ocfup1\"\/>\r\n    <div class=\"frm_description\" id=\"frm_desc_field_ocfup1\">Last<\/div>\r\n    \r\n<\/div>\n<div id=\"frm_field_3_container\" class=\"frm_form_field form-field  frm_required_field frm_top_container frm_full\">\r\n    <label for=\"field_29yf4d\" id=\"field_29yf4d_label\" class=\"frm_primary_label\">Email\r\n        <span class=\"frm_required\" aria-hidden=\"true\">*<\/span>\r\n    <\/label>\r\n    <input type=\"email\" id=\"field_29yf4d\" name=\"item_meta[3]\" value=\"\"  data-reqmsg=\"This field cannot be blank.\" aria-required=\"true\" data-invmsg=\"Please enter a valid email address\" aria-invalid=\"false\"  \/>\r\n    \r\n    \r\n<\/div>\n<div id=\"frm_field_4_container\" class=\"frm_form_field form-field  frm_required_field frm_top_container frm_full\">\r\n    <label for=\"field_e6lis6\" id=\"field_e6lis6_label\" class=\"frm_primary_label\">Subject\r\n        <span class=\"frm_required\" aria-hidden=\"true\">*<\/span>\r\n    <\/label>\r\n    <input type=\"text\" id=\"field_e6lis6\" name=\"item_meta[4]\" value=\"\"  data-reqmsg=\"This field cannot be blank.\" aria-required=\"true\" data-invmsg=\"Subject est non valide\" aria-invalid=\"false\"  \/>\r\n    \r\n    \r\n<\/div>\n<div id=\"frm_field_5_container\" class=\"frm_form_field form-field  frm_required_field frm_top_container frm_full\">\r\n    <label for=\"field_9jv0r1\" id=\"field_9jv0r1_label\" class=\"frm_primary_label\">Message\r\n        <span class=\"frm_required\" aria-hidden=\"true\">*<\/span>\r\n    <\/label>\r\n    <textarea name=\"item_meta[5]\" id=\"field_9jv0r1\" rows=\"5\"  data-reqmsg=\"This field cannot be blank.\" aria-required=\"true\" data-invmsg=\"Message est non valide\" aria-invalid=\"false\"  ><\/textarea>\r\n    \r\n    \r\n<\/div>\n\t<input type=\"hidden\" name=\"item_key\" value=\"\" \/>\n\t\t\t\t<div class=\"frm_verify\" aria-hidden=\"true\">\n\t\t\t\t<label for=\"frm_email_1\">\n\t\t\t\t\tSi vous \u00eates un humain, ne remplissez pas ce champ.\t\t\t\t<\/label>\n\t\t\t\t<input type=\"text\" class=\"frm_verify\" id=\"frm_email_1\" name=\"frm_verify\" value=\"\"  \/>\n\t\t\t<\/div>\n\t\t<input name=\"frm_state\" type=\"hidden\" value=\"w0ZcY1LeyBQFv+OteqCtRX07Mq884G\/SU9GxmkSfAZk=\" \/><div class=\"frm_submit\">\r\n\r\n<button class=\"frm_button_submit frm_final_submit\" type=\"submit\"   formnovalidate=\"formnovalidate\">Submit<\/button>\r\n\r\n<\/div><\/div>\n<\/fieldset>\n<\/div>\n<\/form>\n<\/div>\nCoordonn\u00e9esInformation d&rsquo;Adh\u00e9sion Pour exprimer votre int\u00e9r\u00eat \u00e0 devenir membre du RLI, veuillez remplir ce formulaire.<\/p>\n","protected":false},"author":1,"featured_media":0,"parent":0,"menu_order":0,"comment_status":"closed","ping_status":"closed","template":"","meta":{"_et_pb_use_builder":"on","_et_pb_old_content":"","_et_gb_content_width":"","om_disable_all_campaigns":false,"_monsterinsights_skip_tracking":false,"_monsterinsights_sitenote_active":false,"_monsterinsights_sitenote_note":"","_monsterinsights_sitenote_category":0,"_uf_show_specific_survey":0,"_uf_disable_surveys":false,"footnotes":""},"class_list":["post-1408","page","type-page","status-publish","hentry"],"aioseo_notices":[],"yoast_head":"<!-- This site is optimized with the Yoast SEO plugin v17.4 - https:\/\/yoast.com\/wordpress\/plugins\/seo\/ -->\n<title>Contactez le R\u00e9seau de Leadership des Investisseurs<\/title>\n<meta name=\"description\" content=\"Que ce soit pour exprimer votre int\u00e9r\u00eat \u00e0 devenir membre du RLI ou pour une demande g\u00e9n\u00e9rale, nous vous remercions de l&#039;int\u00e9r\u00eat que vous portez \u00e0 R\u00e9seau de Leadership des Investisseurs\" \/>\n<meta name=\"robots\" content=\"index, follow, max-snippet:-1, max-image-preview:large, max-video-preview:-1\" \/>\n<link rel=\"canonical\" href=\"https:\/\/investorleadershipnetwork.org\/fr\/contactez\/\" \/>\n<meta property=\"og:locale\" content=\"fr_FR\" \/>\n<meta property=\"og:type\" content=\"article\" \/>\n<meta property=\"og:title\" content=\"Contactez le R\u00e9seau de Leadership des Investisseurs\" \/>\n<meta property=\"og:description\" content=\"Que ce soit pour exprimer votre int\u00e9r\u00eat \u00e0 devenir membre du RLI ou pour une demande g\u00e9n\u00e9rale, nous vous remercions de l&#039;int\u00e9r\u00eat que vous portez \u00e0 R\u00e9seau de Leadership des Investisseurs\" \/>\n<meta property=\"og:url\" content=\"https:\/\/investorleadershipnetwork.org\/fr\/contactez\/\" \/>\n<meta property=\"og:site_name\" content=\"Investor Leadership Network\" \/>\n<meta property=\"article:modified_time\" content=\"2021-09-24T21:42:47+00:00\" \/>\n<meta name=\"twitter:card\" content=\"summary_large_image\" \/>\n<meta name=\"twitter:label1\" content=\"Dur\u00e9e de lecture est.\" \/>\n\t<meta name=\"twitter:data1\" content=\"1 minute\" \/>\n<script type=\"application\/ld+json\" class=\"yoast-schema-graph\">{\"@context\":\"https:\/\/schema.org\",\"@graph\":[{\"@type\":\"Organization\",\"@id\":\"https:\/\/investorleadershipnetwork.org\/fr\/#organization\",\"name\":\"Investor Leadership Network\",\"url\":\"https:\/\/investorleadershipnetwork.org\/fr\/\",\"sameAs\":[\"https:\/\/www.linkedin.com\/company\/investorleadershipnetwork\"],\"logo\":{\"@type\":\"ImageObject\",\"@id\":\"https:\/\/investorleadershipnetwork.org\/fr\/#logo\",\"inLanguage\":\"fr-FR\",\"url\":\"https:\/\/investorleadershipnetwork.org\/wp-content\/uploads\/ILN_Logo_en.svg\",\"contentUrl\":\"https:\/\/investorleadershipnetwork.org\/wp-content\/uploads\/ILN_Logo_en.svg\",\"width\":769,\"height\":348,\"caption\":\"Investor Leadership Network\"},\"image\":{\"@id\":\"https:\/\/investorleadershipnetwork.org\/fr\/#logo\"}},{\"@type\":\"WebSite\",\"@id\":\"https:\/\/investorleadershipnetwork.org\/fr\/#website\",\"url\":\"https:\/\/investorleadershipnetwork.org\/fr\/\",\"name\":\"Investor Leadership Network\",\"description\":\"Staging Site\",\"publisher\":{\"@id\":\"https:\/\/investorleadershipnetwork.org\/fr\/#organization\"},\"potentialAction\":[{\"@type\":\"SearchAction\",\"target\":{\"@type\":\"EntryPoint\",\"urlTemplate\":\"https:\/\/investorleadershipnetwork.org\/fr\/?s={search_term_string}\"},\"query-input\":\"required name=search_term_string\"}],\"inLanguage\":\"fr-FR\"},{\"@type\":\"WebPage\",\"@id\":\"https:\/\/investorleadershipnetwork.org\/fr\/contactez\/#webpage\",\"url\":\"https:\/\/investorleadershipnetwork.org\/fr\/contactez\/\",\"name\":\"Contactez le R\\u00e9seau de Leadership des Investisseurs\",\"isPartOf\":{\"@id\":\"https:\/\/investorleadershipnetwork.org\/fr\/#website\"},\"datePublished\":\"2021-09-24T21:42:46+00:00\",\"dateModified\":\"2021-09-24T21:42:47+00:00\",\"description\":\"Que ce soit pour exprimer votre int\\u00e9r\\u00eat \\u00e0 devenir membre du RLI ou pour une demande g\\u00e9n\\u00e9rale, nous vous remercions de l'int\\u00e9r\\u00eat que vous portez \\u00e0 R\\u00e9seau de Leadership des Investisseurs\",\"breadcrumb\":{\"@id\":\"https:\/\/investorleadershipnetwork.org\/fr\/contactez\/#breadcrumb\"},\"inLanguage\":\"fr-FR\",\"potentialAction\":[{\"@type\":\"ReadAction\",\"target\":[\"https:\/\/investorleadershipnetwork.org\/fr\/contactez\/\"]}]},{\"@type\":\"BreadcrumbList\",\"@id\":\"https:\/\/investorleadershipnetwork.org\/fr\/contactez\/#breadcrumb\",\"itemListElement\":[{\"@type\":\"ListItem\",\"position\":1,\"name\":\"Home\",\"item\":\"https:\/\/investorleadershipnetwork.org\/fr\/\"},{\"@type\":\"ListItem\",\"position\":2,\"name\":\"Contactez\"}]}]}<\/script>\n<!-- \/ Yoast SEO plugin. -->","yoast_head_json":{"title":"Contactez le R\u00e9seau de Leadership des Investisseurs","description":"Que ce soit pour exprimer votre int\u00e9r\u00eat \u00e0 devenir membre du RLI ou pour une demande g\u00e9n\u00e9rale, nous vous remercions de l'int\u00e9r\u00eat que vous portez \u00e0 R\u00e9seau de Leadership des Investisseurs","robots":{"index":"index","follow":"follow","max-snippet":"max-snippet:-1","max-image-preview":"max-image-preview:large","max-video-preview":"max-video-preview:-1"},"canonical":"https:\/\/investorleadershipnetwork.org\/fr\/contactez\/","og_locale":"fr_FR","og_type":"article","og_title":"Contactez le R\u00e9seau de Leadership des Investisseurs","og_description":"Que ce soit pour exprimer votre int\u00e9r\u00eat \u00e0 devenir membre du RLI ou pour une demande g\u00e9n\u00e9rale, nous vous remercions de l'int\u00e9r\u00eat que vous portez \u00e0 R\u00e9seau de Leadership des Investisseurs","og_url":"https:\/\/investorleadershipnetwork.org\/fr\/contactez\/","og_site_name":"Investor Leadership Network","article_modified_time":"2021-09-24T21:42:47+00:00","twitter_card":"summary_large_image","twitter_misc":{"Dur\u00e9e de lecture est.":"1 minute"},"schema":{"@context":"https:\/\/schema.org","@graph":[{"@type":"Organization","@id":"https:\/\/investorleadershipnetwork.org\/fr\/#organization","name":"Investor Leadership Network","url":"https:\/\/investorleadershipnetwork.org\/fr\/","sameAs":["https:\/\/www.linkedin.com\/company\/investorleadershipnetwork"],"logo":{"@type":"ImageObject","@id":"https:\/\/investorleadershipnetwork.org\/fr\/#logo","inLanguage":"fr-FR","url":"https:\/\/investorleadershipnetwork.org\/wp-content\/uploads\/ILN_Logo_en.svg","contentUrl":"https:\/\/investorleadershipnetwork.org\/wp-content\/uploads\/ILN_Logo_en.svg","width":769,"height":348,"caption":"Investor Leadership Network"},"image":{"@id":"https:\/\/investorleadershipnetwork.org\/fr\/#logo"}},{"@type":"WebSite","@id":"https:\/\/investorleadershipnetwork.org\/fr\/#website","url":"https:\/\/investorleadershipnetwork.org\/fr\/","name":"Investor Leadership Network","description":"Staging Site","publisher":{"@id":"https:\/\/investorleadershipnetwork.org\/fr\/#organization"},"potentialAction":[{"@type":"SearchAction","target":{"@type":"EntryPoint","urlTemplate":"https:\/\/investorleadershipnetwork.org\/fr\/?s={search_term_string}"},"query-input":"required name=search_term_string"}],"inLanguage":"fr-FR"},{"@type":"WebPage","@id":"https:\/\/investorleadershipnetwork.org\/fr\/contactez\/#webpage","url":"https:\/\/investorleadershipnetwork.org\/fr\/contactez\/","name":"Contactez le R\u00e9seau de Leadership des Investisseurs","isPartOf":{"@id":"https:\/\/investorleadershipnetwork.org\/fr\/#website"},"datePublished":"2021-09-24T21:42:46+00:00","dateModified":"2021-09-24T21:42:47+00:00","description":"Que ce soit pour exprimer votre int\u00e9r\u00eat \u00e0 devenir membre du RLI ou pour une demande g\u00e9n\u00e9rale, nous vous remercions de l'int\u00e9r\u00eat que vous portez \u00e0 R\u00e9seau de Leadership des Investisseurs","breadcrumb":{"@id":"https:\/\/investorleadershipnetwork.org\/fr\/contactez\/#breadcrumb"},"inLanguage":"fr-FR","potentialAction":[{"@type":"ReadAction","target":["https:\/\/investorleadershipnetwork.org\/fr\/contactez\/"]}]},{"@type":"BreadcrumbList","@id":"https:\/\/investorleadershipnetwork.org\/fr\/contactez\/#breadcrumb","itemListElement":[{"@type":"ListItem","position":1,"name":"Home","item":"https:\/\/investorleadershipnetwork.org\/fr\/"},{"@type":"ListItem","position":2,"name":"Contactez"}]}]}},"_links":{"self":[{"href":"https:\/\/investorleadershipnetwork.org\/fr\/wp-json\/wp\/v2\/pages\/1408","targetHints":{"allow":["GET"]}}],"collection":[{"href":"https:\/\/investorleadershipnetwork.org\/fr\/wp-json\/wp\/v2\/pages"}],"about":[{"href":"https:\/\/investorleadershipnetwork.org\/fr\/wp-json\/wp\/v2\/types\/page"}],"author":[{"embeddable":true,"href":"https:\/\/investorleadershipnetwork.org\/fr\/wp-json\/wp\/v2\/users\/1"}],"replies":[{"embeddable":true,"href":"https:\/\/investorleadershipnetwork.org\/fr\/wp-json\/wp\/v2\/comments?post=1408"}],"version-history":[{"count":2,"href":"https:\/\/investorleadershipnetwork.org\/fr\/wp-json\/wp\/v2\/pages\/1408\/revisions"}],"predecessor-version":[{"id":1410,"href":"https:\/\/investorleadershipnetwork.org\/fr\/wp-json\/wp\/v2\/pages\/1408\/revisions\/1410"}],"wp:attachment":[{"href":"https:\/\/investorleadershipnetwork.org\/fr\/wp-json\/wp\/v2\/media?parent=1408"}],"curies":[{"name":"wp","href":"https:\/\/api.w.org\/{rel}","templated":true}]}}