{"id":1411,"date":"2021-09-24T18:05:40","date_gmt":"2021-09-24T22:05:40","guid":{"rendered":"https:\/\/investorleadershipnetwork.org\/changement-climatique\/"},"modified":"2022-03-04T12:45:50","modified_gmt":"2022-03-04T17:45:50","slug":"changement-climatique","status":"publish","type":"page","link":"https:\/\/investorleadershipnetwork.org\/fr\/changement-climatique\/","title":{"rendered":"Changement Climatique"},"content":{"rendered":"<p>[et_pb_section fb_built=\u00a0\u00bb1&Prime; _builder_version=\u00a0\u00bb4.9.10&Prime; _module_preset=\u00a0\u00bbdefault\u00a0\u00bb background_image=\u00a0\u00bbhttps:\/\/investorleadershipnetwork.org\/wp-content\/uploads\/Climate_Change_Bg-scaled-1.jpg\u00a0\u00bb height=\u00a0\u00bb30vh\u00a0\u00bb global_colors_info=\u00a0\u00bb{}\u00a0\u00bb][et_pb_row _builder_version=\u00a0\u00bb4.9.9&Prime; _module_preset=\u00a0\u00bbdefault\u00a0\u00bb global_colors_info=\u00a0\u00bb{}\u00a0\u00bb][et_pb_column type=\u00a0\u00bb4_4&Prime; _builder_version=\u00a0\u00bb4.9.9&Prime; _module_preset=\u00a0\u00bbdefault\u00a0\u00bb global_colors_info=\u00a0\u00bb{}\u00a0\u00bb][\/et_pb_column][\/et_pb_row][\/et_pb_section][et_pb_section fb_built=\u00a0\u00bb1&Prime; _builder_version=\u00a0\u00bb4.9.9&Prime; _module_preset=\u00a0\u00bbdefault\u00a0\u00bb custom_padding=\u00a0\u00bb||0px|||\u00a0\u00bb global_colors_info=\u00a0\u00bb{}\u00a0\u00bb][et_pb_row _builder_version=\u00a0\u00bb4.9.9&Prime; _module_preset=\u00a0\u00bbdefault\u00a0\u00bb global_colors_info=\u00a0\u00bb{}\u00a0\u00bb][et_pb_column type=\u00a0\u00bb4_4&Prime; _builder_version=\u00a0\u00bb4.9.9&Prime; _module_preset=\u00a0\u00bbdefault\u00a0\u00bb global_colors_info=\u00a0\u00bb{}\u00a0\u00bb][et_pb_text _builder_version=\u00a0\u00bb4.10.4&Prime; _module_preset=\u00a0\u00bbdefault\u00a0\u00bb header_font=\u00a0\u00bb|300|||||||\u00a0\u00bb custom_margin=\u00a0\u00bb||1rem||false|false\u00a0\u00bb header_font_size_tablet=\u00a0\u00bb\u00a0\u00bb header_font_size_phone=\u00a0\u00bb26px\u00a0\u00bb header_font_size_last_edited=\u00a0\u00bbon|phone\u00a0\u00bb global_colors_info=\u00a0\u00bb{}\u00a0\u00bb]<\/p>\n<h1><strong>CHANGEMENT CLIMATIQUE<\/strong><br \/>Contribuer \u00e0 la transition vers une \u00e9conomie \u00e0 faible \u00e9mission de carbone .<\/h1>\n<p>[\/et_pb_text][et_pb_divider _builder_version=\u00a0\u00bb4.9.9&Prime; _module_preset=\u00a0\u00bbdefault\u00a0\u00bb module_alignment=\u00a0\u00bbleft\u00a0\u00bb custom_margin=\u00a0\u00bb||1rem||false|false\u00a0\u00bb global_colors_info=\u00a0\u00bb{}\u00a0\u00bb][\/et_pb_divider][\/et_pb_column][\/et_pb_row][\/et_pb_section][et_pb_section fb_built=\u00a0\u00bb1&Prime; _builder_version=\u00a0\u00bb4.9.9&Prime; _module_preset=\u00a0\u00bbdefault\u00a0\u00bb custom_padding=\u00a0\u00bb0px|||||\u00a0\u00bb global_colors_info=\u00a0\u00bb{}\u00a0\u00bb][et_pb_row column_structure=\u00a0\u00bb3_5,2_5&Prime; _builder_version=\u00a0\u00bb4.9.10&Prime; _module_preset=\u00a0\u00bbdefault\u00a0\u00bb custom_padding=\u00a0\u00bb0px|||||\u00a0\u00bb global_colors_info=\u00a0\u00bb{}\u00a0\u00bb][et_pb_column type=\u00a0\u00bb3_5&Prime; _builder_version=\u00a0\u00bb4.9.9&Prime; _module_preset=\u00a0\u00bbdefault\u00a0\u00bb global_colors_info=\u00a0\u00bb{}\u00a0\u00bb][et_pb_text _builder_version=\u00a0\u00bb4.9.10&Prime; _module_preset=\u00a0\u00bbdefault\u00a0\u00bb link_font=\u00a0\u00bb||||||||\u00a0\u00bb global_colors_info=\u00a0\u00bb{}\u00a0\u00bb]<\/p>\n<p>Le changement climatique a d\u00e9j\u00e0 des impacts sociaux, environnementaux et \u00e9conomiques importants sur tous les continents. Ces impacts s\u2019aggraveront dans les ann\u00e9es et d\u00e9cennies \u00e0 venir si nous n\u2019agissons pas maintenant.<\/p>\n<p>Le changement climatique repr\u00e9sente un risque s\u00e9rieux pour les actifs et les entreprises. C\u2019est pourquoi les investisseurs ont la responsabilit\u00e9 de limiter ou d\u2019att\u00e9nuer leurs effets.<span style=\"font-weight: 400\"><\/span><span style=\"font-weight: 400\">.  <\/span><\/p>\n<p><span style=\"font-weight: 400\"><\/span><\/p>\n<p><span style=\"font-weight: 400\"><\/span><\/p>\n<p>[\/et_pb_text][\/et_pb_column][et_pb_column type=\u00a0\u00bb2_5&Prime; _builder_version=\u00a0\u00bb4.9.10&Prime; _module_preset=\u00a0\u00bbdefault\u00a0\u00bb custom_padding=\u00a0\u00bb2em|2em|2em|2em|true|true\u00a0\u00bb border_width_all=\u00a0\u00bb2px\u00a0\u00bb border_color_all=\u00a0\u00bb#26819E\u00a0\u00bb global_colors_info=\u00a0\u00bb{}\u00a0\u00bb][et_pb_text _builder_version=\u00a0\u00bb4.9.10&Prime; _module_preset=\u00a0\u00bbdefault\u00a0\u00bb global_colors_info=\u00a0\u00bb{}\u00a0\u00bb]<\/p>\n<p><strong>Directeurs du Comit\u00e9<\/strong><\/p>\n<p><span style=\"color: #26819e\">Maria Montero<\/span>, Climate Change Program Head at CPP<\/p>\n<p><span style=\"color: #26819e\">Nathalie Wallace<\/span>, <span>Global Head of Sustainable Investing <\/span>at Natixis Investment Managers <\/p>\n<p>&nbsp;<\/p>\n<p>[\/et_pb_text][\/et_pb_column][\/et_pb_row][et_pb_row _builder_version=\u00a0\u00bb4.9.10&Prime; _module_preset=\u00a0\u00bbdefault\u00a0\u00bb global_colors_info=\u00a0\u00bb{}\u00a0\u00bb][et_pb_column type=\u00a0\u00bb4_4&Prime; _builder_version=\u00a0\u00bb4.9.10&Prime; _module_preset=\u00a0\u00bbdefault\u00a0\u00bb global_colors_info=\u00a0\u00bb{}\u00a0\u00bb][et_pb_text _builder_version=\u00a0\u00bb4.9.10&Prime; _module_preset=\u00a0\u00bbdefault\u00a0\u00bb link_font=\u00a0\u00bb||||||||\u00a0\u00bb custom_padding=\u00a0\u00bb15px||0px|||\u00a0\u00bb global_colors_info=\u00a0\u00bb{}\u00a0\u00bb]<\/p>\n<p><span style=\"font-weight: 400\">P<\/span>ubli\u00e9e en novembre 2021, la bo\u00eete \u00e0 outils <strong>RLI Climate Change Physical Risk Toolkit<\/strong> sert de cadre commun aux propri\u00e9taires et gestionnaires d&rsquo;actifs pour faire face aux risques physiques directs et indirects associ\u00e9s au changement climatique. La bo\u00eete \u00e0 outils est compl\u00e9t\u00e9e par un <strong>Guide de Ressources<\/strong>, qui offre aux investisseurs une base de donn\u00e9es consultable de ressources tierces cr\u00e9dibles pour aider \u00e0 analyser les risques climatiques physiques sp\u00e9cifiques.<\/p>\n<p>[\/et_pb_text][\/et_pb_column][\/et_pb_row][et_pb_row column_structure=\u00a0\u00bb1_3,1_3,1_3&Prime; _builder_version=\u00a0\u00bb4.9.10&Prime; _module_preset=\u00a0\u00bbdefault\u00a0\u00bb global_colors_info=\u00a0\u00bb{}\u00a0\u00bb][et_pb_column type=\u00a0\u00bb1_3&Prime; _builder_version=\u00a0\u00bb4.9.10&Prime; _module_preset=\u00a0\u00bbdefault\u00a0\u00bb global_colors_info=\u00a0\u00bb{}\u00a0\u00bb][et_pb_image src=\u00a0\u00bbhttps:\/\/investorleadershipnetwork.org\/wp-content\/uploads\/ILN-Climate-Change-Physical-Risk-Toolkit-v6.jpg\u00a0\u00bb title_text=\u00a0\u00bbILN-Climate-Change-Physical-Risk-Toolkit-v6&Prime; url=\u00a0\u00bb@ET-DC@eyJkeW5hbWljIjp0cnVlLCJjb250ZW50IjoicG9zdF9saW5rX3VybF9yZXNvdXJjZSIsInNldHRpbmdzIjp7InBvc3RfaWQiOiIxNDgwIn19@\u00a0\u00bb _builder_version=\u00a0\u00bb4.12.0&Prime; _dynamic_attributes=\u00a0\u00bburl\u00a0\u00bb _module_preset=\u00a0\u00bbdefault\u00a0\u00bb border_width_all=\u00a0\u00bb1px\u00a0\u00bb global_colors_info=\u00a0\u00bb{}\u00a0\u00bb][\/et_pb_image][\/et_pb_column][et_pb_column type=\u00a0\u00bb1_3&Prime; _builder_version=\u00a0\u00bb4.9.10&Prime; _module_preset=\u00a0\u00bbdefault\u00a0\u00bb global_colors_info=\u00a0\u00bb{}\u00a0\u00bb][et_pb_image src=\u00a0\u00bbhttps:\/\/investorleadershipnetwork.org\/wp-content\/uploads\/Executive-OverviewV3.jpg\u00a0\u00bb title_text=\u00a0\u00bbExecutive-OverviewV3&Prime; url=\u00a0\u00bb@ET-DC@eyJkeW5hbWljIjp0cnVlLCJjb250ZW50IjoicG9zdF9saW5rX3VybF9yZXNvdXJjZSIsInNldHRpbmdzIjp7InBvc3RfaWQiOiIxNDg5In19@\u00a0\u00bb _builder_version=\u00a0\u00bb4.12.0&Prime; _dynamic_attributes=\u00a0\u00bburl\u00a0\u00bb _module_preset=\u00a0\u00bbdefault\u00a0\u00bb border_width_all=\u00a0\u00bb1px\u00a0\u00bb global_colors_info=\u00a0\u00bb{}\u00a0\u00bb][\/et_pb_image][\/et_pb_column][et_pb_column type=\u00a0\u00bb1_3&Prime; _builder_version=\u00a0\u00bb4.9.10&Prime; _module_preset=\u00a0\u00bbdefault\u00a0\u00bb global_colors_info=\u00a0\u00bb{}\u00a0\u00bb][et_pb_image src=\u00a0\u00bbhttps:\/\/investorleadershipnetwork.org\/wp-content\/uploads\/ILN-Climate-Change-Toolkit-Screenshot.jpg\u00a0\u00bb title_text=\u00a0\u00bbILN-Climate-Change-Toolkit-Screenshot\u00a0\u00bb url=\u00a0\u00bb@ET-DC@eyJkeW5hbWljIjp0cnVlLCJjb250ZW50IjoicG9zdF9saW5rX3VybF9wYWdlIiwic2V0dGluZ3MiOnsicG9zdF9pZCI6IjE0NTAifX0=@\u00a0\u00bb _builder_version=\u00a0\u00bb4.12.0&Prime; _dynamic_attributes=\u00a0\u00bburl\u00a0\u00bb _module_preset=\u00a0\u00bbdefault\u00a0\u00bb border_width_all=\u00a0\u00bb1px\u00a0\u00bb global_colors_info=\u00a0\u00bb{}\u00a0\u00bb][\/et_pb_image][\/et_pb_column][\/et_pb_row][et_pb_row _builder_version=\u00a0\u00bb4.9.10&Prime; _module_preset=\u00a0\u00bbdefault\u00a0\u00bb global_colors_info=\u00a0\u00bb{}\u00a0\u00bb][et_pb_column type=\u00a0\u00bb4_4&Prime; _builder_version=\u00a0\u00bb4.9.10&Prime; _module_preset=\u00a0\u00bbdefault\u00a0\u00bb global_colors_info=\u00a0\u00bb{}\u00a0\u00bb][et_pb_text _builder_version=\u00a0\u00bb4.9.10&Prime; _module_preset=\u00a0\u00bbdefault\u00a0\u00bb link_font=\u00a0\u00bb||||||||\u00a0\u00bb global_colors_info=\u00a0\u00bb{}\u00a0\u00bb]<\/p>\n<p><span style=\"font-weight: 400\">En septembre 2020, le RLI a publi\u00e9 le rapport<\/span> <b>Climate Change Mitigation and Your Portfolio : Practical Tools for Investors<\/b><i><span style=\"font-weight: 400\">.<\/span><\/i><span style=\"font-weight: 400\">Celui-ci comprenait des conseils d\u00e9taill\u00e9s sur le renforcement des divulgations li\u00e9es au climat et ax\u00e9s sur des sc\u00e9narios de d\u00e9carbonisation conform\u00e9ment \u00e0 l\u2019Accord de Paris.<\/span><span style=\"font-weight: 400\"><\/span><\/p>\n<p>[\/et_pb_text][\/et_pb_column][\/et_pb_row][et_pb_row column_structure=\u00a0\u00bb1_3,1_3,1_3&Prime; _builder_version=\u00a0\u00bb4.9.10&Prime; _module_preset=\u00a0\u00bbdefault\u00a0\u00bb global_colors_info=\u00a0\u00bb{}\u00a0\u00bb][et_pb_column type=\u00a0\u00bb1_3&Prime; _builder_version=\u00a0\u00bb4.9.10&Prime; _module_preset=\u00a0\u00bbdefault\u00a0\u00bb global_colors_info=\u00a0\u00bb{}\u00a0\u00bb][et_pb_image src=\u00a0\u00bbhttps:\/\/investorleadershipnetwork.org\/wp-content\/uploads\/ILN_Climate-Change-Mitigation-and-Your-Portfolio.jpg\u00a0\u00bb title_text=\u00a0\u00bbILN_Climate-Change-Mitigation-and-Your-Portfolio\u00a0\u00bb url=\u00a0\u00bb@ET-DC@eyJkeW5hbWljIjp0cnVlLCJjb250ZW50IjoicG9zdF9saW5rX3VybF9yZXNvdXJjZSIsInNldHRpbmdzIjp7InBvc3RfaWQiOiI3MTUifX0=@\u00a0\u00bb _builder_version=\u00a0\u00bb4.9.10&Prime; _dynamic_attributes=\u00a0\u00bburl\u00a0\u00bb _module_preset=\u00a0\u00bbdefault\u00a0\u00bb border_width_all=\u00a0\u00bb1px\u00a0\u00bb global_colors_info=\u00a0\u00bb{}\u00a0\u00bb][\/et_pb_image][\/et_pb_column][et_pb_column type=\u00a0\u00bb1_3&Prime; _builder_version=\u00a0\u00bb4.9.10&Prime; _module_preset=\u00a0\u00bbdefault\u00a0\u00bb global_colors_info=\u00a0\u00bb{}\u00a0\u00bb][et_pb_image src=\u00a0\u00bbhttps:\/\/investorleadershipnetwork.org\/wp-content\/uploads\/ILN_Climate-Change-Mitigation-and-Your-Portfolio_Executive-summaryExecutive-Summary.jpg\u00a0\u00bb title_text=\u00a0\u00bbILN_Climate-Change-Mitigation-and-Your-Portfolio_Executive-summaryExecutive-Summary\u00a0\u00bb url=\u00a0\u00bb@ET-DC@eyJkeW5hbWljIjp0cnVlLCJjb250ZW50IjoicG9zdF9saW5rX3VybF9yZXNvdXJjZSIsInNldHRpbmdzIjp7InBvc3RfaWQiOiI3MTgifX0=@\u00a0\u00bb _builder_version=\u00a0\u00bb4.9.10&Prime; _dynamic_attributes=\u00a0\u00bburl\u00a0\u00bb _module_preset=\u00a0\u00bbdefault\u00a0\u00bb border_width_all=\u00a0\u00bb1px\u00a0\u00bb global_colors_info=\u00a0\u00bb{}\u00a0\u00bb][\/et_pb_image][\/et_pb_column][et_pb_column type=\u00a0\u00bb1_3&Prime; _builder_version=\u00a0\u00bb4.9.10&Prime; _module_preset=\u00a0\u00bbdefault\u00a0\u00bb global_colors_info=\u00a0\u00bb{}\u00a0\u00bb][et_pb_image src=\u00a0\u00bbhttps:\/\/investorleadershipnetwork.org\/wp-content\/uploads\/ILN_Climate-Change-Mitigation-and-Your-Portfolio_Investor-Guide.jpg\u00a0\u00bb title_text=\u00a0\u00bbILN_Climate-Change-Mitigation-and-Your-Portfolio_Investor-Guide\u00a0\u00bb url=\u00a0\u00bb@ET-DC@eyJkeW5hbWljIjp0cnVlLCJjb250ZW50IjoicG9zdF9saW5rX3VybF9yZXNvdXJjZSIsInNldHRpbmdzIjp7InBvc3RfaWQiOiI3MjEifX0=@\u00a0\u00bb _builder_version=\u00a0\u00bb4.9.10&Prime; _dynamic_attributes=\u00a0\u00bburl\u00a0\u00bb _module_preset=\u00a0\u00bbdefault\u00a0\u00bb border_width_all=\u00a0\u00bb1px\u00a0\u00bb global_colors_info=\u00a0\u00bb{}\u00a0\u00bb][\/et_pb_image][\/et_pb_column][\/et_pb_row][et_pb_row _builder_version=\u00a0\u00bb4.9.10&Prime; _module_preset=\u00a0\u00bbdefault\u00a0\u00bb global_colors_info=\u00a0\u00bb{}\u00a0\u00bb][et_pb_column type=\u00a0\u00bb4_4&Prime; _builder_version=\u00a0\u00bb4.9.10&Prime; _module_preset=\u00a0\u00bbdefault\u00a0\u00bb global_colors_info=\u00a0\u00bb{}\u00a0\u00bb][et_pb_text _builder_version=\u00a0\u00bb4.12.0&Prime; _module_preset=\u00a0\u00bbdefault\u00a0\u00bb link_font=\u00a0\u00bb||||||||\u00a0\u00bb global_colors_info=\u00a0\u00bb{}\u00a0\u00bb]<\/p>\n<p>Dans le cadre de l\u2019Initiative sur le changement climatique, les membres du RLI s\u2019efforcent de tirer parti des orientations et des meilleures pratiques existantes pour favoriser l\u2019adoption d\u2019informations uniformes et comparables sur lecadre de <a href=\"https:\/\/www.fsb-tcfd.org\/\" target=\"_blank\" rel=\"noopener\">Task Force on Climate-related Financial Disclosures (FSB-TCFD)<\/a> Publi\u00e9 en septembre 2019, le <strong>TCFD Implementation, Practical Insights and Perspectives from Behind the Scenes for Institutional Investors<\/strong> avait comme objectif d\u2019aider les investisseurs \u00e0 faire de meilleurs choix pour d\u00e9finir leurs strat\u00e9gies en mati\u00e8re de changement climatique.<\/p>\n<p>[\/et_pb_text][\/et_pb_column][\/et_pb_row][et_pb_row column_structure=\u00a0\u00bb1_3,1_3,1_3&Prime; _builder_version=\u00a0\u00bb4.12.0&Prime; _module_preset=\u00a0\u00bbdefault\u00a0\u00bb global_colors_info=\u00a0\u00bb{}\u00a0\u00bb][et_pb_column type=\u00a0\u00bb1_3&Prime; _builder_version=\u00a0\u00bb4.9.10&Prime; _module_preset=\u00a0\u00bbdefault\u00a0\u00bb global_colors_info=\u00a0\u00bb{}\u00a0\u00bb][et_pb_image src=\u00a0\u00bbhttps:\/\/investorleadershipnetwork.org\/wp-content\/uploads\/ILN_TCFD-Implementation_final.jpg\u00a0\u00bb title_text=\u00a0\u00bbILN_TCFD-Implementation_final\u00a0\u00bb url=\u00a0\u00bb@ET-DC@eyJkeW5hbWljIjp0cnVlLCJjb250ZW50IjoicG9zdF9saW5rX3VybF9yZXNvdXJjZSIsInNldHRpbmdzIjp7InBvc3RfaWQiOiI1OTYifX0=@\u00a0\u00bb _builder_version=\u00a0\u00bb4.9.10&Prime; _dynamic_attributes=\u00a0\u00bburl\u00a0\u00bb _module_preset=\u00a0\u00bbdefault\u00a0\u00bb global_colors_info=\u00a0\u00bb{}\u00a0\u00bb][\/et_pb_image][\/et_pb_column][et_pb_column type=\u00a0\u00bb1_3&Prime; _builder_version=\u00a0\u00bb4.9.10&Prime; _module_preset=\u00a0\u00bbdefault\u00a0\u00bb global_colors_info=\u00a0\u00bb{}\u00a0\u00bb][et_pb_image src=\u00a0\u00bbhttps:\/\/investorleadershipnetwork.org\/wp-content\/uploads\/ILN_TCFD-Implementation_summary_final.jpg\u00a0\u00bb title_text=\u00a0\u00bbILN_TCFD-Implementation_summary_final\u00a0\u00bb url=\u00a0\u00bb@ET-DC@eyJkeW5hbWljIjp0cnVlLCJjb250ZW50IjoicG9zdF9saW5rX3VybF9yZXNvdXJjZSIsInNldHRpbmdzIjp7InBvc3RfaWQiOiI1OTkifX0=@\u00a0\u00bb _builder_version=\u00a0\u00bb4.9.10&Prime; _dynamic_attributes=\u00a0\u00bburl\u00a0\u00bb _module_preset=\u00a0\u00bbdefault\u00a0\u00bb global_colors_info=\u00a0\u00bb{}\u00a0\u00bb][\/et_pb_image][\/et_pb_column][et_pb_column type=\u00a0\u00bb1_3&Prime; _builder_version=\u00a0\u00bb4.9.10&Prime; _module_preset=\u00a0\u00bbdefault\u00a0\u00bb global_colors_info=\u00a0\u00bb{}\u00a0\u00bb][\/et_pb_column][\/et_pb_row][et_pb_row _builder_version=\u00a0\u00bb4.9.10&Prime; _module_preset=\u00a0\u00bbdefault\u00a0\u00bb global_colors_info=\u00a0\u00bb{}\u00a0\u00bb][et_pb_column type=\u00a0\u00bb4_4&Prime; _builder_version=\u00a0\u00bb4.9.10&Prime; _module_preset=\u00a0\u00bbdefault\u00a0\u00bb global_colors_info=\u00a0\u00bb{}\u00a0\u00bb][et_pb_text _builder_version=\u00a0\u00bb4.9.10&Prime; _module_preset=\u00a0\u00bbdefault\u00a0\u00bb link_font=\u00a0\u00bb||||||||\u00a0\u00bb global_colors_info=\u00a0\u00bb{}\u00a0\u00bb]<\/p>\n<p><span style=\"font-weight: 400\">Nous pensons qu\u2019une meilleure divulgation entra\u00eenera une meilleure prise de d\u00e9cision sur les risques et les opportunit\u00e9s d\u2019investissement d\u00e9coulant du changement climatique et de la transition vers une \u00e9conomie \u00e0 faibles \u00e9missions de carbone. Ces d\u00e9cisions peuvent avoir une incidence importante.<\/span><span style=\"font-weight: 400\">Le RLI continuera \u00e0 d\u00e9terminer les lacunes sur lesquelles les autres groupes et organisations de l\u2019industrie ne se concentrent pas et d\u00e9veloppera des outils pour les investisseurs afin de contribuer \u00e0 la lutte contre le changement climatique. <\/span><\/p>\n<p><span style=\"font-weight: 400\">Pour plus de renseignements sur nos travaux en mati\u00e8re de divulgation climatique, veuillez<\/span> <a href=\"https:\/\/investorleadershipnetwork.org\/fr\/contactez\/\"><span style=\"font-weight: 400\">communiquer avec nous<\/span><\/a><span style=\"font-weight: 400\">.<\/span><\/p>\n<p>[\/et_pb_text][\/et_pb_column][\/et_pb_row][\/et_pb_section]<\/p>\n<span class=\"et_bloom_bottom_trigger\"><\/span>","protected":false},"excerpt":{"rendered":"<p>CHANGEMENT CLIMATIQUEContribuer \u00e0 la transition vers une \u00e9conomie \u00e0 faible \u00e9mission de carbone .Le changement climatique a d\u00e9j\u00e0 des impacts sociaux, environnementaux et \u00e9conomiques importants sur tous les continents. Ces impacts s\u2019aggraveront dans les ann\u00e9es et d\u00e9cennies \u00e0 venir si nous n\u2019agissons pas maintenant. Le changement climatique repr\u00e9sente un risque s\u00e9rieux pour les actifs et [&hellip;]<\/p>\n","protected":false},"author":1,"featured_media":0,"parent":0,"menu_order":0,"comment_status":"closed","ping_status":"closed","template":"","meta":{"_et_pb_use_builder":"on","_et_pb_old_content":"","_et_gb_content_width":"","om_disable_all_campaigns":false,"_monsterinsights_skip_tracking":false,"_monsterinsights_sitenote_active":false,"_monsterinsights_sitenote_note":"","_monsterinsights_sitenote_category":0,"_uf_show_specific_survey":0,"_uf_disable_surveys":false,"footnotes":""},"class_list":["post-1411","page","type-page","status-publish","hentry"],"aioseo_notices":[],"yoast_head":"<!-- This site is optimized with the Yoast SEO plugin v17.4 - https:\/\/yoast.com\/wordpress\/plugins\/seo\/ -->\n<title>Initiative de Changement Climatique - R\u00e9seau de Leadership des Investisseurs<\/title>\n<meta name=\"description\" content=\"Dans le cadre de l&#039;Initiative sur le Changement Climatique, les membres du RLI s&#039;efforcent de s&#039;appuyer sur les orientations et les meilleures pratiques existantes dans le cadre du FSB-TCFD.\" \/>\n<meta name=\"robots\" content=\"index, follow, max-snippet:-1, max-image-preview:large, max-video-preview:-1\" \/>\n<link rel=\"canonical\" href=\"https:\/\/investorleadershipnetwork.org\/fr\/changement-climatique\/\" \/>\n<meta property=\"og:locale\" content=\"fr_FR\" \/>\n<meta property=\"og:type\" content=\"article\" \/>\n<meta property=\"og:title\" content=\"Initiative de Changement Climatique - R\u00e9seau de Leadership des Investisseurs\" \/>\n<meta property=\"og:description\" content=\"Dans le cadre de l&#039;Initiative sur le Changement Climatique, les membres du RLI s&#039;efforcent de s&#039;appuyer sur les orientations et les meilleures pratiques existantes dans le cadre du FSB-TCFD.\" \/>\n<meta property=\"og:url\" content=\"https:\/\/investorleadershipnetwork.org\/fr\/changement-climatique\/\" \/>\n<meta property=\"og:site_name\" content=\"Investor Leadership Network\" \/>\n<meta property=\"article:modified_time\" content=\"2022-03-04T17:45:50+00:00\" \/>\n<meta name=\"twitter:card\" content=\"summary_large_image\" \/>\n<meta name=\"twitter:label1\" content=\"Dur\u00e9e de lecture est.\" \/>\n\t<meta name=\"twitter:data1\" content=\"7 minutes\" \/>\n<script type=\"application\/ld+json\" class=\"yoast-schema-graph\">{\"@context\":\"https:\/\/schema.org\",\"@graph\":[{\"@type\":\"Organization\",\"@id\":\"https:\/\/investorleadershipnetwork.org\/fr\/#organization\",\"name\":\"Investor Leadership Network\",\"url\":\"https:\/\/investorleadershipnetwork.org\/fr\/\",\"sameAs\":[\"https:\/\/www.linkedin.com\/company\/investorleadershipnetwork\"],\"logo\":{\"@type\":\"ImageObject\",\"@id\":\"https:\/\/investorleadershipnetwork.org\/fr\/#logo\",\"inLanguage\":\"fr-FR\",\"url\":\"https:\/\/investorleadershipnetwork.org\/wp-content\/uploads\/ILN_Logo_en.svg\",\"contentUrl\":\"https:\/\/investorleadershipnetwork.org\/wp-content\/uploads\/ILN_Logo_en.svg\",\"width\":769,\"height\":348,\"caption\":\"Investor Leadership Network\"},\"image\":{\"@id\":\"https:\/\/investorleadershipnetwork.org\/fr\/#logo\"}},{\"@type\":\"WebSite\",\"@id\":\"https:\/\/investorleadershipnetwork.org\/fr\/#website\",\"url\":\"https:\/\/investorleadershipnetwork.org\/fr\/\",\"name\":\"Investor Leadership Network\",\"description\":\"Staging Site\",\"publisher\":{\"@id\":\"https:\/\/investorleadershipnetwork.org\/fr\/#organization\"},\"potentialAction\":[{\"@type\":\"SearchAction\",\"target\":{\"@type\":\"EntryPoint\",\"urlTemplate\":\"https:\/\/investorleadershipnetwork.org\/fr\/?s={search_term_string}\"},\"query-input\":\"required name=search_term_string\"}],\"inLanguage\":\"fr-FR\"},{\"@type\":\"WebPage\",\"@id\":\"https:\/\/investorleadershipnetwork.org\/fr\/changement-climatique\/#webpage\",\"url\":\"https:\/\/investorleadershipnetwork.org\/fr\/changement-climatique\/\",\"name\":\"Initiative de Changement Climatique - R\\u00e9seau de Leadership des Investisseurs\",\"isPartOf\":{\"@id\":\"https:\/\/investorleadershipnetwork.org\/fr\/#website\"},\"datePublished\":\"2021-09-24T22:05:40+00:00\",\"dateModified\":\"2022-03-04T17:45:50+00:00\",\"description\":\"Dans le cadre de l'Initiative sur le Changement Climatique, les membres du RLI s'efforcent de s'appuyer sur les orientations et les meilleures pratiques existantes dans le cadre du FSB-TCFD.\",\"breadcrumb\":{\"@id\":\"https:\/\/investorleadershipnetwork.org\/fr\/changement-climatique\/#breadcrumb\"},\"inLanguage\":\"fr-FR\",\"potentialAction\":[{\"@type\":\"ReadAction\",\"target\":[\"https:\/\/investorleadershipnetwork.org\/fr\/changement-climatique\/\"]}]},{\"@type\":\"BreadcrumbList\",\"@id\":\"https:\/\/investorleadershipnetwork.org\/fr\/changement-climatique\/#breadcrumb\",\"itemListElement\":[{\"@type\":\"ListItem\",\"position\":1,\"name\":\"Home\",\"item\":\"https:\/\/investorleadershipnetwork.org\/fr\/\"},{\"@type\":\"ListItem\",\"position\":2,\"name\":\"Changement Climatique\"}]}]}<\/script>\n<!-- \/ Yoast SEO plugin. -->","yoast_head_json":{"title":"Initiative de Changement Climatique - R\u00e9seau de Leadership des Investisseurs","description":"Dans le cadre de l'Initiative sur le Changement Climatique, les membres du RLI s'efforcent de s'appuyer sur les orientations et les meilleures pratiques existantes dans le cadre du FSB-TCFD.","robots":{"index":"index","follow":"follow","max-snippet":"max-snippet:-1","max-image-preview":"max-image-preview:large","max-video-preview":"max-video-preview:-1"},"canonical":"https:\/\/investorleadershipnetwork.org\/fr\/changement-climatique\/","og_locale":"fr_FR","og_type":"article","og_title":"Initiative de Changement Climatique - R\u00e9seau de Leadership des Investisseurs","og_description":"Dans le cadre de l'Initiative sur le Changement Climatique, les membres du RLI s'efforcent de s'appuyer sur les orientations et les meilleures pratiques existantes dans le cadre du FSB-TCFD.","og_url":"https:\/\/investorleadershipnetwork.org\/fr\/changement-climatique\/","og_site_name":"Investor Leadership Network","article_modified_time":"2022-03-04T17:45:50+00:00","twitter_card":"summary_large_image","twitter_misc":{"Dur\u00e9e de lecture est.":"7 minutes"},"schema":{"@context":"https:\/\/schema.org","@graph":[{"@type":"Organization","@id":"https:\/\/investorleadershipnetwork.org\/fr\/#organization","name":"Investor Leadership Network","url":"https:\/\/investorleadershipnetwork.org\/fr\/","sameAs":["https:\/\/www.linkedin.com\/company\/investorleadershipnetwork"],"logo":{"@type":"ImageObject","@id":"https:\/\/investorleadershipnetwork.org\/fr\/#logo","inLanguage":"fr-FR","url":"https:\/\/investorleadershipnetwork.org\/wp-content\/uploads\/ILN_Logo_en.svg","contentUrl":"https:\/\/investorleadershipnetwork.org\/wp-content\/uploads\/ILN_Logo_en.svg","width":769,"height":348,"caption":"Investor Leadership Network"},"image":{"@id":"https:\/\/investorleadershipnetwork.org\/fr\/#logo"}},{"@type":"WebSite","@id":"https:\/\/investorleadershipnetwork.org\/fr\/#website","url":"https:\/\/investorleadershipnetwork.org\/fr\/","name":"Investor Leadership Network","description":"Staging Site","publisher":{"@id":"https:\/\/investorleadershipnetwork.org\/fr\/#organization"},"potentialAction":[{"@type":"SearchAction","target":{"@type":"EntryPoint","urlTemplate":"https:\/\/investorleadershipnetwork.org\/fr\/?s={search_term_string}"},"query-input":"required name=search_term_string"}],"inLanguage":"fr-FR"},{"@type":"WebPage","@id":"https:\/\/investorleadershipnetwork.org\/fr\/changement-climatique\/#webpage","url":"https:\/\/investorleadershipnetwork.org\/fr\/changement-climatique\/","name":"Initiative de Changement Climatique - R\u00e9seau de Leadership des Investisseurs","isPartOf":{"@id":"https:\/\/investorleadershipnetwork.org\/fr\/#website"},"datePublished":"2021-09-24T22:05:40+00:00","dateModified":"2022-03-04T17:45:50+00:00","description":"Dans le cadre de l'Initiative sur le Changement Climatique, les membres du RLI s'efforcent de s'appuyer sur les orientations et les meilleures pratiques existantes dans le cadre du FSB-TCFD.","breadcrumb":{"@id":"https:\/\/investorleadershipnetwork.org\/fr\/changement-climatique\/#breadcrumb"},"inLanguage":"fr-FR","potentialAction":[{"@type":"ReadAction","target":["https:\/\/investorleadershipnetwork.org\/fr\/changement-climatique\/"]}]},{"@type":"BreadcrumbList","@id":"https:\/\/investorleadershipnetwork.org\/fr\/changement-climatique\/#breadcrumb","itemListElement":[{"@type":"ListItem","position":1,"name":"Home","item":"https:\/\/investorleadershipnetwork.org\/fr\/"},{"@type":"ListItem","position":2,"name":"Changement Climatique"}]}]}},"_links":{"self":[{"href":"https:\/\/investorleadershipnetwork.org\/fr\/wp-json\/wp\/v2\/pages\/1411","targetHints":{"allow":["GET"]}}],"collection":[{"href":"https:\/\/investorleadershipnetwork.org\/fr\/wp-json\/wp\/v2\/pages"}],"about":[{"href":"https:\/\/investorleadershipnetwork.org\/fr\/wp-json\/wp\/v2\/types\/page"}],"author":[{"embeddable":true,"href":"https:\/\/investorleadershipnetwork.org\/fr\/wp-json\/wp\/v2\/users\/1"}],"replies":[{"embeddable":true,"href":"https:\/\/investorleadershipnetwork.org\/fr\/wp-json\/wp\/v2\/comments?post=1411"}],"version-history":[{"count":9,"href":"https:\/\/investorleadershipnetwork.org\/fr\/wp-json\/wp\/v2\/pages\/1411\/revisions"}],"predecessor-version":[{"id":1817,"href":"https:\/\/investorleadershipnetwork.org\/fr\/wp-json\/wp\/v2\/pages\/1411\/revisions\/1817"}],"wp:attachment":[{"href":"https:\/\/investorleadershipnetwork.org\/fr\/wp-json\/wp\/v2\/media?parent=1411"}],"curies":[{"name":"wp","href":"https:\/\/api.w.org\/{rel}","templated":true}]}}